{"id":2384,"date":"2026-01-30T01:42:27","date_gmt":"2026-01-30T01:42:27","guid":{"rendered":"https:\/\/contanti.flutra.website\/?page_id=2384"},"modified":"2026-02-14T00:51:37","modified_gmt":"2026-02-14T00:51:37","slug":"politika-e-privacise","status":"publish","type":"page","link":"https:\/\/contanti.org\/en\/politika-e-privacise\/","title":{"rendered":"Privacy Policy"},"content":{"rendered":"<style>.elementor-2384 .elementor-element.elementor-element-89bcac3{--display:flex;--min-height:370px;--flex-direction:column;--container-widget-width:100%;--container-widget-height:initial;--container-widget-flex-grow:0;--container-widget-align-self:initial;--flex-wrap-mobile:wrap;--justify-content:center;--overflow:hidden;--overlay-opacity:0.65;--padding-top:3em;--padding-bottom:1em;--padding-left:1em;--padding-right:1em;}.elementor-2384 .elementor-element.elementor-element-89bcac3:not(.elementor-motion-effects-element-type-background), .elementor-2384 .elementor-element.elementor-element-89bcac3 > .elementor-motion-effects-container > .elementor-motion-effects-layer{background-image:url(\"https:\/\/contanti.org\/wp-content\/uploads\/2026\/01\/contanti-3_comp-1.jpg\");background-position:center center;background-repeat:no-repeat;background-size:cover;}.elementor-2384 .elementor-element.elementor-element-89bcac3::before, .elementor-2384 .elementor-element.elementor-element-89bcac3 > .elementor-background-video-container::before, .elementor-2384 .elementor-element.elementor-element-89bcac3 > .e-con-inner > .elementor-background-video-container::before, .elementor-2384 .elementor-element.elementor-element-89bcac3 > .elementor-background-slideshow::before, .elementor-2384 .elementor-element.elementor-element-89bcac3 > .e-con-inner > .elementor-background-slideshow::before, .elementor-2384 .elementor-element.elementor-element-89bcac3 > .elementor-motion-effects-container > .elementor-motion-effects-layer::before{--background-overlay:'';background-color:var( --e-global-color-secondary );}.elementor-2384 .elementor-element.elementor-element-6c44c66{--display:flex;--overflow:hidden;--margin-top:0em;--margin-bottom:0em;--margin-left:2em;--margin-right:0em;--padding-top:0px;--padding-bottom:0px;--padding-left:0px;--padding-right:0px;}.elementor-2384 .elementor-element.elementor-element-0900dc5 .elementor-heading-title{font-family:var( --e-global-typography-583e54c-font-family ), Sans-serif;font-size:var( --e-global-typography-583e54c-font-size );font-weight:var( --e-global-typography-583e54c-font-weight );text-transform:var( --e-global-typography-583e54c-text-transform );line-height:var( --e-global-typography-583e54c-line-height );letter-spacing:var( --e-global-typography-583e54c-letter-spacing );word-spacing:var( --e-global-typography-583e54c-word-spacing );color:var( --e-global-color-308e809 );}.elementor-2384 .elementor-element.elementor-element-3baab4f{--display:flex;--flex-direction:column;--container-widget-width:100%;--container-widget-height:initial;--container-widget-flex-grow:0;--container-widget-align-self:initial;--flex-wrap-mobile:wrap;--padding-top:50px;--padding-bottom:50px;--padding-left:10px;--padding-right:10px;}.elementor-2384 .elementor-element.elementor-element-84fd03c{--display:flex;}:root{--page-title-display:none;}@media(max-width:1024px){.elementor-2384 .elementor-element.elementor-element-89bcac3{--min-height:300px;}.elementor-2384 .elementor-element.elementor-element-6c44c66{--gap:15px 15px;--row-gap:15px;--column-gap:15px;--margin-top:0em;--margin-bottom:0em;--margin-left:0em;--margin-right:0em;}.elementor-2384 .elementor-element.elementor-element-0900dc5 .elementor-heading-title{font-size:var( --e-global-typography-583e54c-font-size );line-height:var( --e-global-typography-583e54c-line-height );letter-spacing:var( --e-global-typography-583e54c-letter-spacing );word-spacing:var( --e-global-typography-583e54c-word-spacing );}}@media(max-width:1024px) and (min-width:768px){.elementor-2384 .elementor-element.elementor-element-89bcac3{--content-width:92%;}.elementor-2384 .elementor-element.elementor-element-6c44c66{--width:50%;}}@media(max-width:767px){.elementor-2384 .elementor-element.elementor-element-89bcac3{--content-width:90%;--min-height:225px;--padding-top:2em;--padding-bottom:1em;--padding-left:0.5em;--padding-right:0.5em;}.elementor-2384 .elementor-element.elementor-element-89bcac3:not(.elementor-motion-effects-element-type-background), .elementor-2384 .elementor-element.elementor-element-89bcac3 > .elementor-motion-effects-container > .elementor-motion-effects-layer{background-position:center center;}.elementor-2384 .elementor-element.elementor-element-6c44c66{--gap:10px 10px;--row-gap:10px;--column-gap:10px;--margin-top:0em;--margin-bottom:0em;--margin-left:0em;--margin-right:0em;}.elementor-2384 .elementor-element.elementor-element-0900dc5 .elementor-heading-title{font-size:var( --e-global-typography-583e54c-font-size );line-height:var( --e-global-typography-583e54c-line-height );letter-spacing:var( --e-global-typography-583e54c-letter-spacing );word-spacing:var( --e-global-typography-583e54c-word-spacing );}}<\/style>\t\t<div data-elementor-type=\"wp-page\" data-elementor-id=\"2384\" class=\"elementor elementor-2384\" data-elementor-post-type=\"page\">\n\t\t\t\t<div class=\"elementor-element elementor-element-89bcac3 e-flex e-con-boxed e-con e-parent\" data-id=\"89bcac3\" data-element_type=\"container\" data-e-type=\"container\" data-settings=\"{&quot;background_background&quot;:&quot;classic&quot;}\">\n\t\t\t\t\t<div class=\"e-con-inner\">\n\t\t<div class=\"elementor-element elementor-element-6c44c66 e-con-full e-flex e-con e-child\" data-id=\"6c44c66\" data-element_type=\"container\" data-e-type=\"container\">\n\t\t\t\t<div class=\"elementor-element elementor-element-0900dc5 elementor-invisible elementor-widget elementor-widget-heading\" data-id=\"0900dc5\" data-element_type=\"widget\" data-e-type=\"widget\" data-settings=\"{&quot;_animation&quot;:&quot;fadeInLeft&quot;}\" data-widget_type=\"heading.default\">\n\t\t\t\t\t<h1 class=\"elementor-heading-title elementor-size-default\">Privacy Policy<\/h1>\t\t\t\t<\/div>\n\t\t\t\t<\/div>\n\t\t\t\t\t<\/div>\n\t\t\t\t<\/div>\n\t\t<div class=\"elementor-element elementor-element-3baab4f e-flex e-con-boxed e-con e-parent\" data-id=\"3baab4f\" data-element_type=\"container\" data-e-type=\"container\">\n\t\t\t\t\t<div class=\"e-con-inner\">\n\t\t<div class=\"elementor-element elementor-element-84fd03c e-con-full e-flex e-con e-child\" data-id=\"84fd03c\" data-element_type=\"container\" data-e-type=\"container\">\n\t\t\t\t<div class=\"elementor-element elementor-element-67c5456 elementor-widget elementor-widget-text-editor\" data-id=\"67c5456\" data-element_type=\"widget\" data-e-type=\"widget\" data-widget_type=\"text-editor.default\">\n\t\t\t\t\t\t\t\t\t<p data-start=\"274\" data-end=\"623\">Contanti Generators SHPK (n\u00eb vijim: \u201cNe\u201d ose \u201cKompania\u201d) respekton privat\u00ebsin\u00eb tuaj dhe \u00ebsht\u00eb e p\u00ebrkushtuar t\u00eb mbroj\u00eb t\u00eb dh\u00ebnat tuaja personale n\u00eb p\u00ebrputhje me Rregulloren e P\u00ebrgjithshme p\u00ebr Mbrojtjen e t\u00eb Dh\u00ebnave (GDPR) t\u00eb Bashkimit Evropian. Kjo politik\u00eb shpjegon m\u00ebnyr\u00ebn se si mbledhim, p\u00ebrdorim, ruajm\u00eb dhe mbrojm\u00eb informacionin tuaj personal.<\/p><hr data-start=\"625\" data-end=\"628\" \/><h2 data-start=\"630\" data-end=\"661\"><strong data-start=\"633\" data-end=\"661\">1. T\u00eb dh\u00ebnat q\u00eb mbledhim<\/strong><\/h2><p data-start=\"663\" data-end=\"715\">Ne mund t\u00eb mbledhim dhe p\u00ebrpunojm\u00eb informacion si:<\/p><ul data-start=\"716\" data-end=\"994\"><li data-start=\"716\" data-end=\"736\"><p data-start=\"718\" data-end=\"736\">Emri dhe mbiemri<\/p><\/li><li data-start=\"737\" data-end=\"779\"><p data-start=\"739\" data-end=\"779\">Adresa e emailit dhe numri i telefonit<\/p><\/li><li data-start=\"780\" data-end=\"837\"><p data-start=\"782\" data-end=\"837\">Informacione t\u00eb biznesit ose kompanis\u00eb (n\u00ebse aplikon)<\/p><\/li><li data-start=\"838\" data-end=\"879\"><p data-start=\"840\" data-end=\"879\">Detaje t\u00eb pagesave dhe transaksioneve<\/p><\/li><li data-start=\"880\" data-end=\"994\"><p data-start=\"882\" data-end=\"994\">Informacione t\u00eb tjera q\u00eb ju na jepni vullnetarisht p\u00ebrmes formular\u00ebve t\u00eb kontaktit, emailit ose bisedave me ne<\/p><\/li><\/ul><hr data-start=\"996\" data-end=\"999\" \/><h2 data-start=\"1001\" data-end=\"1045\"><strong data-start=\"1004\" data-end=\"1045\">2. Q\u00ebllimi i p\u00ebrpunimit t\u00eb t\u00eb dh\u00ebnave<\/strong><\/h2><p data-start=\"1047\" data-end=\"1089\">T\u00eb dh\u00ebnat tuaja p\u00ebrdoren p\u00ebr q\u00ebllime si:<\/p><ul data-start=\"1090\" data-end=\"1361\"><li data-start=\"1090\" data-end=\"1137\"><p data-start=\"1092\" data-end=\"1137\">P\u00ebrgjigje ndaj pyetjeve dhe k\u00ebrkesave tuaja<\/p><\/li><li data-start=\"1138\" data-end=\"1198\"><p data-start=\"1140\" data-end=\"1198\">Ofrimi i sh\u00ebrbimeve, ofertave dhe zgjidhjeve energjetike<\/p><\/li><li data-start=\"1199\" data-end=\"1257\"><p data-start=\"1201\" data-end=\"1257\">Administrimi i marr\u00ebdh\u00ebnieve me klient\u00ebt dhe partner\u00ebt<\/p><\/li><li data-start=\"1258\" data-end=\"1315\"><p data-start=\"1260\" data-end=\"1315\">P\u00ebrmir\u00ebsimi i p\u00ebrvoj\u00ebs n\u00eb website dhe analiz\u00eb trafiku<\/p><\/li><li data-start=\"1316\" data-end=\"1361\"><p data-start=\"1318\" data-end=\"1361\">P\u00ebrputhja me k\u00ebrkesat ligjore dhe fiskale<\/p><\/li><\/ul><hr data-start=\"1363\" data-end=\"1366\" \/><h2 data-start=\"1368\" data-end=\"1419\"><strong data-start=\"1371\" data-end=\"1419\">3. Bazat ligjore p\u00ebr p\u00ebrpunimin e t\u00eb dh\u00ebnave<\/strong><\/h2><p data-start=\"1421\" data-end=\"1473\">Ne p\u00ebrpunojm\u00eb t\u00eb dh\u00ebnat tuaja personale bazuar n\u00eb:<\/p><ul data-start=\"1474\" data-end=\"1762\"><li data-start=\"1474\" data-end=\"1537\"><p data-start=\"1476\" data-end=\"1537\"><strong data-start=\"1476\" data-end=\"1493\">P\u00eblqimin tuaj<\/strong> kur plot\u00ebsoni formular\u00eb ose regjistroheni<\/p><\/li><li data-start=\"1538\" data-end=\"1606\"><p data-start=\"1540\" data-end=\"1606\"><strong data-start=\"1540\" data-end=\"1567\">Ekzekutimin e kontrat\u00ebs<\/strong> kur ju ofrojm\u00eb sh\u00ebrbime ose produkte<\/p><\/li><li data-start=\"1607\" data-end=\"1681\"><p data-start=\"1609\" data-end=\"1681\"><strong data-start=\"1609\" data-end=\"1629\">Detyrime ligjore<\/strong> p\u00ebr mbajtjen e regjistrave financiar\u00eb dhe fiskal\u00eb<\/p><\/li><li data-start=\"1682\" data-end=\"1762\"><p data-start=\"1684\" data-end=\"1762\"><strong data-start=\"1684\" data-end=\"1706\">Interesin legjitim<\/strong> p\u00ebr p\u00ebrmir\u00ebsimin e sh\u00ebrbimeve dhe marketingun e leht\u00eb<\/p><\/li><\/ul><hr data-start=\"1764\" data-end=\"1767\" \/><h2 data-start=\"1769\" data-end=\"1812\"><strong data-start=\"1772\" data-end=\"1812\">4. Ruajtja dhe mbrojtja e t\u00eb dh\u00ebnave<\/strong><\/h2><p data-start=\"1814\" data-end=\"2069\">Ne ruajm\u00eb t\u00eb dh\u00ebnat tuaja n\u00eb m\u00ebnyr\u00eb t\u00eb sigurt, duke p\u00ebrdorur masa teknike dhe organizative p\u00ebr t\u00eb parandaluar humbjen, keqp\u00ebrdorimin ose aksesin e paautorizuar. T\u00eb dh\u00ebnat ruhen vet\u00ebm p\u00ebr sa koh\u00eb \u00ebsht\u00eb e nevojshme p\u00ebr q\u00ebllimet p\u00ebr t\u00eb cilat jan\u00eb mbledhur.<\/p><hr data-start=\"2071\" data-end=\"2074\" \/><h2 data-start=\"2076\" data-end=\"2128\"><strong data-start=\"2079\" data-end=\"2128\">5. Pal\u00ebt e treta dhe shp\u00ebrndarja e t\u00eb dh\u00ebnave<\/strong><\/h2><p data-start=\"2130\" data-end=\"2175\">Ne mund t\u00eb ndajm\u00eb t\u00eb dh\u00ebnat tuaja vet\u00ebm me:<\/p><ul data-start=\"2176\" data-end=\"2372\"><li data-start=\"2176\" data-end=\"2262\"><p data-start=\"2178\" data-end=\"2262\">Partner\u00ebt e autorizuar p\u00ebr ofrimin e sh\u00ebrbimeve (p.sh. prodhuesit e gjenerator\u00ebve)<\/p><\/li><li data-start=\"2263\" data-end=\"2321\"><p data-start=\"2265\" data-end=\"2321\">Autoritetet ligjore ose fiskale n\u00eb p\u00ebrputhje me ligjin<\/p><\/li><li data-start=\"2322\" data-end=\"2372\"><p data-start=\"2324\" data-end=\"2372\">Ose sipas p\u00eblqimit tuaj p\u00ebr q\u00ebllime marketingu<\/p><\/li><\/ul><hr data-start=\"2374\" data-end=\"2377\" \/><h2 data-start=\"2379\" data-end=\"2413\"><strong data-start=\"2382\" data-end=\"2413\">6. T\u00eb drejtat e p\u00ebrdoruesit<\/strong><\/h2><p data-start=\"2415\" data-end=\"2458\">N\u00eb p\u00ebrputhje me GDPR, ju keni t\u00eb drejt\u00ebn:<\/p><ul data-start=\"2459\" data-end=\"2776\"><li data-start=\"2459\" data-end=\"2508\"><p data-start=\"2461\" data-end=\"2508\">T\u00eb k\u00ebrkoni qasje n\u00eb t\u00eb dh\u00ebnat tuaja personale<\/p><\/li><li data-start=\"2509\" data-end=\"2563\"><p data-start=\"2511\" data-end=\"2563\">T\u00eb k\u00ebrkoni korrigjimin ose plot\u00ebsimin e t\u00eb dh\u00ebnave<\/p><\/li><li data-start=\"2564\" data-end=\"2628\"><p data-start=\"2566\" data-end=\"2628\">T\u00eb k\u00ebrkoni fshirjen e t\u00eb dh\u00ebnave (\u201ce drejta p\u00ebr t\u00eb harruar\u201d)<\/p><\/li><li data-start=\"2629\" data-end=\"2668\"><p data-start=\"2631\" data-end=\"2668\">T\u00eb kufizoni p\u00ebrpunimin e t\u00eb dh\u00ebnave<\/p><\/li><li data-start=\"2669\" data-end=\"2722\"><p data-start=\"2671\" data-end=\"2722\">T\u00eb kund\u00ebrshtoni p\u00ebrpunimin p\u00ebr q\u00ebllime marketingu<\/p><\/li><li data-start=\"2723\" data-end=\"2776\"><p data-start=\"2725\" data-end=\"2776\">T\u00eb merrni t\u00eb dh\u00ebnat tuaja n\u00eb format t\u00eb portuesh\u00ebm<\/p><\/li><\/ul><p data-start=\"2778\" data-end=\"2865\">P\u00ebr t\u00eb ushtruar k\u00ebto t\u00eb drejta, mund t\u00eb na kontaktoni n\u00eb email: <strong data-start=\"2842\" data-end=\"2863\"><a class=\"decorated-link cursor-pointer\" rel=\"noopener\" data-start=\"2844\" data-end=\"2861\">info@contanti.org<\/a><\/strong><\/p><hr data-start=\"2867\" data-end=\"2870\" \/><h2 data-start=\"2872\" data-end=\"2916\"><strong data-start=\"2875\" data-end=\"2916\">7. Cookies dhe teknologji t\u00eb ngjashme<\/strong><\/h2><p data-start=\"2918\" data-end=\"2953\">Website-i yn\u00eb p\u00ebrdor cookies p\u00ebr:<\/p><ul data-start=\"2954\" data-end=\"3093\"><li data-start=\"2954\" data-end=\"2982\"><p data-start=\"2956\" data-end=\"2982\">P\u00ebrmir\u00ebsimin e navigimit<\/p><\/li><li data-start=\"2983\" data-end=\"3023\"><p data-start=\"2985\" data-end=\"3023\">Analiz\u00ebn e trafikut dhe performanc\u00ebs<\/p><\/li><li data-start=\"3024\" data-end=\"3093\"><p data-start=\"3026\" data-end=\"3093\">Marketing t\u00eb targetuar, n\u00eb p\u00ebrputhje me rregulloret e privat\u00ebsis\u00eb<\/p><\/li><\/ul><p data-start=\"3095\" data-end=\"3163\">Ju mund t\u00eb refuzoni cookies p\u00ebrmes cil\u00ebsimeve t\u00eb shfletuesit tuaj.<\/p><hr data-start=\"3165\" data-end=\"3168\" \/><h2 data-start=\"3170\" data-end=\"3202\"><strong data-start=\"3173\" data-end=\"3202\">8. Ndryshimet n\u00eb politik\u00eb<\/strong><\/h2><p data-start=\"3204\" data-end=\"3337\">Ne mund t\u00eb p\u00ebrdit\u00ebsojm\u00eb k\u00ebt\u00eb politik\u00eb her\u00eb pas here. \u00c7do ndryshim do t\u00eb publikohet n\u00eb k\u00ebt\u00eb faqe me dat\u00ebn e azhurnimit t\u00eb politik\u00ebs.<\/p><hr data-start=\"3339\" data-end=\"3342\" \/><h2 data-start=\"3344\" data-end=\"3375\"><strong data-start=\"3347\" data-end=\"3375\">9. Kontakt p\u00ebr privat\u00ebsi<\/strong><\/h2><p data-start=\"3377\" data-end=\"3444\">P\u00ebr pyetje ose shqet\u00ebsime lidhur me privat\u00ebsin\u00eb tuaj, kontaktoni:<\/p><p data-start=\"3446\" data-end=\"3531\"><strong data-start=\"3446\" data-end=\"3474\">Contanti Generators SHPK<\/strong><br data-start=\"3474\" data-end=\"3477\" \/>Email: <strong data-start=\"3484\" data-end=\"3505\"><a class=\"decorated-link cursor-pointer\" rel=\"noopener\" data-start=\"3486\" data-end=\"3503\">info@contanti.org<\/a><\/strong><br data-start=\"3505\" data-end=\"3508\" \/>Tel: +383 48 150 300<\/p>\t\t\t\t\t\t\t\t<\/div>\n\t\t\t\t<\/div>\n\t\t\t\t\t<\/div>\n\t\t\t\t<\/div>\n\t\t\t\t<\/div>","protected":false},"excerpt":{"rendered":"<p>Contanti Generators SHPK (n\u00eb vijim: \u201cNe\u201d ose \u201cKompania\u201d) respekton privat\u00ebsin\u00eb tuaj dhe \u00ebsht\u00eb e p\u00ebrkushtuar t\u00eb mbroj\u00eb t\u00eb dh\u00ebnat tuaja personale n\u00eb p\u00ebrputhje me Rregulloren e P\u00ebrgjithshme p\u00ebr Mbrojtjen e t\u00eb Dh\u00ebnave (GDPR) t\u00eb Bashkimit Evropian. Kjo politik\u00eb shpjegon m\u00ebnyr\u00ebn se si mbledhim, p\u00ebrdorim, ruajm\u00eb dhe mbrojm\u00eb informacionin tuaj personal. 1. T\u00eb dh\u00ebnat q\u00eb mbledhim [&hellip;]<\/p>\n","protected":false},"author":1,"featured_media":0,"parent":0,"menu_order":0,"comment_status":"closed","ping_status":"closed","template":"","meta":{"_acf_changed":false,"_eb_attr":"","footnotes":""},"class_list":["post-2384","page","type-page","status-publish","hentry"],"acf":[],"yoast_head":"<!-- This site is optimized with the Yoast SEO plugin v27.4 - https:\/\/yoast.com\/product\/yoast-seo-wordpress\/ -->\n<title>Politika e Privacis\u00eb - Contanti Generators<\/title>\n<meta name=\"robots\" content=\"index, follow, max-snippet:-1, max-image-preview:large, max-video-preview:-1\" \/>\n<link rel=\"canonical\" href=\"https:\/\/contanti.org\/en\/politika-e-privacise\/\" \/>\n<meta property=\"og:locale\" content=\"en_GB\" \/>\n<meta property=\"og:type\" content=\"article\" \/>\n<meta property=\"og:title\" content=\"Politika e Privacis\u00eb - Contanti Generators\" \/>\n<meta property=\"og:description\" content=\"Contanti Generators SHPK (n\u00eb vijim: \u201cNe\u201d ose \u201cKompania\u201d) respekton privat\u00ebsin\u00eb tuaj dhe \u00ebsht\u00eb e p\u00ebrkushtuar t\u00eb mbroj\u00eb t\u00eb dh\u00ebnat tuaja personale n\u00eb p\u00ebrputhje me Rregulloren e P\u00ebrgjithshme p\u00ebr Mbrojtjen e t\u00eb Dh\u00ebnave (GDPR) t\u00eb Bashkimit Evropian. Kjo politik\u00eb shpjegon m\u00ebnyr\u00ebn se si mbledhim, p\u00ebrdorim, ruajm\u00eb dhe mbrojm\u00eb informacionin tuaj personal. 1. T\u00eb dh\u00ebnat q\u00eb mbledhim [&hellip;]\" \/>\n<meta property=\"og:url\" content=\"https:\/\/contanti.org\/en\/politika-e-privacise\/\" \/>\n<meta property=\"og:site_name\" content=\"Contanti Generators\" \/>\n<meta property=\"article:publisher\" content=\"https:\/\/www.facebook.com\/contantigenerators\" \/>\n<meta property=\"article:modified_time\" content=\"2026-02-14T00:51:37+00:00\" \/>\n<meta name=\"twitter:card\" content=\"summary_large_image\" \/>\n<meta name=\"twitter:label1\" content=\"Estimated reading time\" \/>\n\t<meta name=\"twitter:data1\" content=\"3 minutes\" \/>\n<script type=\"application\/ld+json\" class=\"yoast-schema-graph\">{\"@context\":\"https:\\\/\\\/schema.org\",\"@graph\":[{\"@type\":\"WebPage\",\"@id\":\"https:\\\/\\\/contanti.org\\\/politika-e-privacise\\\/\",\"url\":\"https:\\\/\\\/contanti.org\\\/politika-e-privacise\\\/\",\"name\":\"Politika e Privacis\u00eb - Contanti Generators\",\"isPartOf\":{\"@id\":\"https:\\\/\\\/contanti.org\\\/#website\"},\"datePublished\":\"2026-01-30T01:42:27+00:00\",\"dateModified\":\"2026-02-14T00:51:37+00:00\",\"breadcrumb\":{\"@id\":\"https:\\\/\\\/contanti.org\\\/politika-e-privacise\\\/#breadcrumb\"},\"inLanguage\":\"en-GB\",\"potentialAction\":[{\"@type\":\"ReadAction\",\"target\":[\"https:\\\/\\\/contanti.org\\\/politika-e-privacise\\\/\"]}]},{\"@type\":\"BreadcrumbList\",\"@id\":\"https:\\\/\\\/contanti.org\\\/politika-e-privacise\\\/#breadcrumb\",\"itemListElement\":[{\"@type\":\"ListItem\",\"position\":1,\"name\":\"Home\",\"item\":\"https:\\\/\\\/contanti.org\\\/\"},{\"@type\":\"ListItem\",\"position\":2,\"name\":\"Politika e Privacis\u00eb\"}]},{\"@type\":\"WebSite\",\"@id\":\"https:\\\/\\\/contanti.org\\\/#website\",\"url\":\"https:\\\/\\\/contanti.org\\\/\",\"name\":\"Contanti Generators SHPK\",\"description\":\"Gjenerator\u00eb Industrial\u00eb &amp; Zgjidhje Energjetike\",\"publisher\":{\"@id\":\"https:\\\/\\\/contanti.org\\\/#organization\"},\"potentialAction\":[{\"@type\":\"SearchAction\",\"target\":{\"@type\":\"EntryPoint\",\"urlTemplate\":\"https:\\\/\\\/contanti.org\\\/?s={search_term_string}\"},\"query-input\":{\"@type\":\"PropertyValueSpecification\",\"valueRequired\":true,\"valueName\":\"search_term_string\"}}],\"inLanguage\":\"en-GB\"},{\"@type\":\"Organization\",\"@id\":\"https:\\\/\\\/contanti.org\\\/#organization\",\"name\":\"Contanti Generators SHPK\",\"url\":\"https:\\\/\\\/contanti.org\\\/\",\"logo\":{\"@type\":\"ImageObject\",\"inLanguage\":\"en-GB\",\"@id\":\"https:\\\/\\\/contanti.org\\\/#\\\/schema\\\/logo\\\/image\\\/\",\"url\":\"https:\\\/\\\/contanti.org\\\/wp-content\\\/uploads\\\/2026\\\/02\\\/logo-png-01-1024x382-1-300x112-1.png\",\"contentUrl\":\"https:\\\/\\\/contanti.org\\\/wp-content\\\/uploads\\\/2026\\\/02\\\/logo-png-01-1024x382-1-300x112-1.png\",\"width\":300,\"height\":112,\"caption\":\"Contanti Generators SHPK\"},\"image\":{\"@id\":\"https:\\\/\\\/contanti.org\\\/#\\\/schema\\\/logo\\\/image\\\/\"},\"sameAs\":[\"https:\\\/\\\/www.facebook.com\\\/contantigenerators\",\"https:\\\/\\\/www.instagram.com\\\/contantigenerators\\\/\"]}]}<\/script>\n<!-- \/ Yoast SEO plugin. -->","yoast_head_json":{"title":"Politika e Privacis\u00eb - Contanti Generators","robots":{"index":"index","follow":"follow","max-snippet":"max-snippet:-1","max-image-preview":"max-image-preview:large","max-video-preview":"max-video-preview:-1"},"canonical":"https:\/\/contanti.org\/en\/politika-e-privacise\/","og_locale":"en_GB","og_type":"article","og_title":"Politika e Privacis\u00eb - Contanti Generators","og_description":"Contanti Generators SHPK (n\u00eb vijim: \u201cNe\u201d ose \u201cKompania\u201d) respekton privat\u00ebsin\u00eb tuaj dhe \u00ebsht\u00eb e p\u00ebrkushtuar t\u00eb mbroj\u00eb t\u00eb dh\u00ebnat tuaja personale n\u00eb p\u00ebrputhje me Rregulloren e P\u00ebrgjithshme p\u00ebr Mbrojtjen e t\u00eb Dh\u00ebnave (GDPR) t\u00eb Bashkimit Evropian. Kjo politik\u00eb shpjegon m\u00ebnyr\u00ebn se si mbledhim, p\u00ebrdorim, ruajm\u00eb dhe mbrojm\u00eb informacionin tuaj personal. 1. T\u00eb dh\u00ebnat q\u00eb mbledhim [&hellip;]","og_url":"https:\/\/contanti.org\/en\/politika-e-privacise\/","og_site_name":"Contanti Generators","article_publisher":"https:\/\/www.facebook.com\/contantigenerators","article_modified_time":"2026-02-14T00:51:37+00:00","twitter_card":"summary_large_image","twitter_misc":{"Estimated reading time":"3 minutes"},"schema":{"@context":"https:\/\/schema.org","@graph":[{"@type":"WebPage","@id":"https:\/\/contanti.org\/politika-e-privacise\/","url":"https:\/\/contanti.org\/politika-e-privacise\/","name":"Politika e Privacis\u00eb - Contanti Generators","isPartOf":{"@id":"https:\/\/contanti.org\/#website"},"datePublished":"2026-01-30T01:42:27+00:00","dateModified":"2026-02-14T00:51:37+00:00","breadcrumb":{"@id":"https:\/\/contanti.org\/politika-e-privacise\/#breadcrumb"},"inLanguage":"en-GB","potentialAction":[{"@type":"ReadAction","target":["https:\/\/contanti.org\/politika-e-privacise\/"]}]},{"@type":"BreadcrumbList","@id":"https:\/\/contanti.org\/politika-e-privacise\/#breadcrumb","itemListElement":[{"@type":"ListItem","position":1,"name":"Home","item":"https:\/\/contanti.org\/"},{"@type":"ListItem","position":2,"name":"Politika e Privacis\u00eb"}]},{"@type":"WebSite","@id":"https:\/\/contanti.org\/#website","url":"https:\/\/contanti.org\/","name":"Contanti Generators SHPK","description":"Gjenerator\u00eb Industrial\u00eb &amp; Zgjidhje Energjetike","publisher":{"@id":"https:\/\/contanti.org\/#organization"},"potentialAction":[{"@type":"SearchAction","target":{"@type":"EntryPoint","urlTemplate":"https:\/\/contanti.org\/?s={search_term_string}"},"query-input":{"@type":"PropertyValueSpecification","valueRequired":true,"valueName":"search_term_string"}}],"inLanguage":"en-GB"},{"@type":"Organization","@id":"https:\/\/contanti.org\/#organization","name":"Contanti Generators SHPK","url":"https:\/\/contanti.org\/","logo":{"@type":"ImageObject","inLanguage":"en-GB","@id":"https:\/\/contanti.org\/#\/schema\/logo\/image\/","url":"https:\/\/contanti.org\/wp-content\/uploads\/2026\/02\/logo-png-01-1024x382-1-300x112-1.png","contentUrl":"https:\/\/contanti.org\/wp-content\/uploads\/2026\/02\/logo-png-01-1024x382-1-300x112-1.png","width":300,"height":112,"caption":"Contanti Generators SHPK"},"image":{"@id":"https:\/\/contanti.org\/#\/schema\/logo\/image\/"},"sameAs":["https:\/\/www.facebook.com\/contantigenerators","https:\/\/www.instagram.com\/contantigenerators\/"]}]}},"_links":{"self":[{"href":"https:\/\/contanti.org\/en\/wp-json\/wp\/v2\/pages\/2384","targetHints":{"allow":["GET"]}}],"collection":[{"href":"https:\/\/contanti.org\/en\/wp-json\/wp\/v2\/pages"}],"about":[{"href":"https:\/\/contanti.org\/en\/wp-json\/wp\/v2\/types\/page"}],"author":[{"embeddable":true,"href":"https:\/\/contanti.org\/en\/wp-json\/wp\/v2\/users\/1"}],"replies":[{"embeddable":true,"href":"https:\/\/contanti.org\/en\/wp-json\/wp\/v2\/comments?post=2384"}],"version-history":[{"count":5,"href":"https:\/\/contanti.org\/en\/wp-json\/wp\/v2\/pages\/2384\/revisions"}],"predecessor-version":[{"id":3208,"href":"https:\/\/contanti.org\/en\/wp-json\/wp\/v2\/pages\/2384\/revisions\/3208"}],"wp:attachment":[{"href":"https:\/\/contanti.org\/en\/wp-json\/wp\/v2\/media?parent=2384"}],"curies":[{"name":"wp","href":"https:\/\/api.w.org\/{rel}","templated":true}]}}