{"id":2028,"date":"2026-01-27T01:49:16","date_gmt":"2026-01-27T01:49:16","guid":{"rendered":"https:\/\/contanti.flutra.website\/?page_id=2028"},"modified":"2026-01-31T01:08:47","modified_gmt":"2026-01-31T01:08:47","slug":"ups-voltage-regulator","status":"publish","type":"page","link":"https:\/\/contanti.org\/en\/generators\/ups-voltage-regulator\/","title":{"rendered":"Ups \u2013 Voltage Regulator"},"content":{"rendered":"<div data-elementor-type=\"wp-page\" data-elementor-id=\"2028\" class=\"elementor elementor-2028\" data-elementor-post-type=\"page\">\n\t\t\t\t<div class=\"elementor-element elementor-element-9cc8cb2 e-flex e-con-boxed e-con e-parent\" data-id=\"9cc8cb2\" data-element_type=\"container\" data-e-type=\"container\" data-settings=\"{&quot;background_background&quot;:&quot;classic&quot;}\">\n\t\t\t\t\t<div class=\"e-con-inner\">\n\t\t<div class=\"elementor-element elementor-element-e90785b e-con-full e-flex e-con e-child\" data-id=\"e90785b\" data-element_type=\"container\" data-e-type=\"container\">\n\t\t\t\t<div class=\"elementor-element elementor-element-e91e48c elementor-invisible elementor-widget elementor-widget-heading\" data-id=\"e91e48c\" data-element_type=\"widget\" data-e-type=\"widget\" data-settings=\"{&quot;_animation&quot;:&quot;fadeInLeft&quot;}\" data-widget_type=\"heading.default\">\n\t\t\t\t\t<h1 class=\"elementor-heading-title elementor-size-default\">Ups \u2013 Voltage Regulator<\/h1>\t\t\t\t<\/div>\n\t\t\t\t<\/div>\n\t\t\t\t\t<\/div>\n\t\t\t\t<\/div>\n\t\t<div class=\"elementor-element elementor-element-60963c9 e-flex e-con-boxed e-con e-parent\" data-id=\"60963c9\" data-element_type=\"container\" data-e-type=\"container\">\n\t\t\t\t\t<div class=\"e-con-inner\">\n\t\t<div class=\"elementor-element elementor-element-142d6ae e-con-full e-flex e-con e-child\" data-id=\"142d6ae\" data-element_type=\"container\" data-e-type=\"container\">\n\t\t\t\t<div class=\"elementor-element elementor-element-fc3461a elementor-invisible elementor-widget elementor-widget-heading\" data-id=\"fc3461a\" data-element_type=\"widget\" data-e-type=\"widget\" data-settings=\"{&quot;_animation&quot;:&quot;fadeInRight&quot;}\" data-widget_type=\"heading.default\">\n\t\t\t\t\t<h2 class=\"elementor-heading-title elementor-size-default\">UPS &amp; Rregullator\u00ebt e Tensionit<\/h2>\t\t\t\t<\/div>\n\t\t\t\t<div class=\"elementor-element elementor-element-5b6e0b1 elementor-invisible elementor-widget elementor-widget-heading\" data-id=\"5b6e0b1\" data-element_type=\"widget\" data-e-type=\"widget\" data-settings=\"{&quot;_animation&quot;:&quot;fadeInUp&quot;}\" data-widget_type=\"heading.default\">\n\t\t\t\t\t<h3 class=\"elementor-heading-title elementor-size-default\">Security and Stability for Your Energy<\/h3>\t\t\t\t<\/div>\n\t\t\t\t<div class=\"elementor-element elementor-element-08d8813 elementor-widget__width-initial elementor-widget elementor-widget-text-editor\" data-id=\"08d8813\" data-element_type=\"widget\" data-e-type=\"widget\" data-widget_type=\"text-editor.default\">\n\t\t\t\t\t\t\t\t\t<p>We offer advanced UPS and voltage regulators, designed to protect your equipment and guarantee a stable power supply. Our solutions ensure voltage stability, prevent equipment damage, and keep your critical operations running without interruption.<\/p>\t\t\t\t\t\t\t\t<\/div>\n\t\t\t\t<\/div>\n\t\t<div class=\"elementor-element elementor-element-f40aa14 e-con-full e-flex e-con e-child\" data-id=\"f40aa14\" data-element_type=\"container\" data-e-type=\"container\">\n\t\t\t\t<div class=\"elementor-element elementor-element-bb443b0 elementor-widget elementor-widget-text-editor\" data-id=\"bb443b0\" data-element_type=\"widget\" data-e-type=\"widget\" data-widget_type=\"text-editor.default\">\n\t\t\t\t\t\t\t\t\t<p><a href=\"https:\/\/contanti.org\/wp-content\/uploads\/2026\/01\/english.pdf\" class=\"pdfemb-viewer\" style=\"\" data-width=\"max\" data-height=\"max\" data-toolbar=\"bottom\" data-toolbar-fixed=\"off\">english<\/a><\/p>\t\t\t\t\t\t\t\t<\/div>\n\t\t\t\t<\/div>\n\t\t\t\t\t<\/div>\n\t\t\t\t<\/div>\n\t\t\t\t<\/div>","protected":false},"excerpt":{"rendered":"<p>UPS &amp; Rregullator\u00ebt e Tensionit Siguri dhe Stabilitet p\u00ebr Energjin\u00eb Tuaj Ne ofrojm\u00eb UPS dhe rregullator\u00eb t\u00eb tensionit t\u00eb avancuar, t\u00eb dizajnuar p\u00ebr t\u00eb mbrojtur pajisjet tuaja dhe p\u00ebr t\u00eb garantuar furnizim t\u00eb q\u00ebndruesh\u00ebm energjie. Zgjidhjet tona sigurojn\u00eb stabilitet t\u00eb tensionit, parandalojn\u00eb d\u00ebmtimin e pajisjeve dhe mbajn\u00eb operacionet tuaja kritike pa nd\u00ebrprerje.<\/p>","protected":false},"author":1,"featured_media":0,"parent":2018,"menu_order":5,"comment_status":"closed","ping_status":"closed","template":"","meta":{"_acf_changed":false,"_eb_attr":"","footnotes":""},"class_list":["post-2028","page","type-page","status-publish","hentry"],"acf":[],"yoast_head":"<!-- This site is optimized with the Yoast SEO plugin v27.5 - https:\/\/yoast.com\/product\/yoast-seo-wordpress\/ -->\n<title>Ups \u2013 Voltage Regulator - Contanti Generators<\/title>\n<meta name=\"robots\" content=\"index, follow, max-snippet:-1, max-image-preview:large, max-video-preview:-1\" \/>\n<link rel=\"canonical\" href=\"https:\/\/contanti.org\/en\/generators\/ups-voltage-regulator\/\" \/>\n<meta property=\"og:locale\" content=\"en_GB\" \/>\n<meta property=\"og:type\" content=\"article\" \/>\n<meta property=\"og:title\" content=\"Ups \u2013 Voltage Regulator - Contanti Generators\" \/>\n<meta property=\"og:description\" content=\"UPS &amp; Rregullator\u00ebt e Tensionit Siguri dhe Stabilitet p\u00ebr Energjin\u00eb Tuaj Ne ofrojm\u00eb UPS dhe rregullator\u00eb t\u00eb tensionit t\u00eb avancuar, t\u00eb dizajnuar p\u00ebr t\u00eb mbrojtur pajisjet tuaja dhe p\u00ebr t\u00eb garantuar furnizim t\u00eb q\u00ebndruesh\u00ebm energjie. Zgjidhjet tona sigurojn\u00eb stabilitet t\u00eb tensionit, parandalojn\u00eb d\u00ebmtimin e pajisjeve dhe mbajn\u00eb operacionet tuaja kritike pa nd\u00ebrprerje.\" \/>\n<meta property=\"og:url\" content=\"https:\/\/contanti.org\/en\/generators\/ups-voltage-regulator\/\" \/>\n<meta property=\"og:site_name\" content=\"Contanti Generators\" \/>\n<meta property=\"article:publisher\" content=\"https:\/\/www.facebook.com\/contantigenerators\" \/>\n<meta property=\"article:modified_time\" content=\"2026-01-31T01:08:47+00:00\" \/>\n<meta name=\"twitter:card\" content=\"summary_large_image\" \/>\n<script type=\"application\/ld+json\" class=\"yoast-schema-graph\">{\"@context\":\"https:\\\/\\\/schema.org\",\"@graph\":[{\"@type\":\"WebPage\",\"@id\":\"https:\\\/\\\/contanti.org\\\/generators\\\/ups-voltage-regulator\\\/\",\"url\":\"https:\\\/\\\/contanti.org\\\/generators\\\/ups-voltage-regulator\\\/\",\"name\":\"Ups \u2013 Voltage Regulator - Contanti Generators\",\"isPartOf\":{\"@id\":\"https:\\\/\\\/contanti.org\\\/#website\"},\"datePublished\":\"2026-01-27T01:49:16+00:00\",\"dateModified\":\"2026-01-31T01:08:47+00:00\",\"breadcrumb\":{\"@id\":\"https:\\\/\\\/contanti.org\\\/generators\\\/ups-voltage-regulator\\\/#breadcrumb\"},\"inLanguage\":\"en-GB\",\"potentialAction\":[{\"@type\":\"ReadAction\",\"target\":[\"https:\\\/\\\/contanti.org\\\/generators\\\/ups-voltage-regulator\\\/\"]}]},{\"@type\":\"BreadcrumbList\",\"@id\":\"https:\\\/\\\/contanti.org\\\/generators\\\/ups-voltage-regulator\\\/#breadcrumb\",\"itemListElement\":[{\"@type\":\"ListItem\",\"position\":1,\"name\":\"Home\",\"item\":\"https:\\\/\\\/contanti.org\\\/\"},{\"@type\":\"ListItem\",\"position\":2,\"name\":\"Generators\",\"item\":\"https:\\\/\\\/contanti.org\\\/generators\\\/\"},{\"@type\":\"ListItem\",\"position\":3,\"name\":\"Ups \u2013 Voltage Regulator\"}]},{\"@type\":\"WebSite\",\"@id\":\"https:\\\/\\\/contanti.org\\\/#website\",\"url\":\"https:\\\/\\\/contanti.org\\\/\",\"name\":\"Contanti Generators SHPK\",\"description\":\"Gjenerator\u00eb Industrial\u00eb &amp; Zgjidhje Energjetike\",\"publisher\":{\"@id\":\"https:\\\/\\\/contanti.org\\\/#organization\"},\"potentialAction\":[{\"@type\":\"SearchAction\",\"target\":{\"@type\":\"EntryPoint\",\"urlTemplate\":\"https:\\\/\\\/contanti.org\\\/?s={search_term_string}\"},\"query-input\":{\"@type\":\"PropertyValueSpecification\",\"valueRequired\":true,\"valueName\":\"search_term_string\"}}],\"inLanguage\":\"en-GB\"},{\"@type\":\"Organization\",\"@id\":\"https:\\\/\\\/contanti.org\\\/#organization\",\"name\":\"Contanti Generators SHPK\",\"url\":\"https:\\\/\\\/contanti.org\\\/\",\"logo\":{\"@type\":\"ImageObject\",\"inLanguage\":\"en-GB\",\"@id\":\"https:\\\/\\\/contanti.org\\\/#\\\/schema\\\/logo\\\/image\\\/\",\"url\":\"https:\\\/\\\/contanti.org\\\/wp-content\\\/uploads\\\/2026\\\/02\\\/logo-png-01-1024x382-1-300x112-1.png\",\"contentUrl\":\"https:\\\/\\\/contanti.org\\\/wp-content\\\/uploads\\\/2026\\\/02\\\/logo-png-01-1024x382-1-300x112-1.png\",\"width\":300,\"height\":112,\"caption\":\"Contanti Generators SHPK\"},\"image\":{\"@id\":\"https:\\\/\\\/contanti.org\\\/#\\\/schema\\\/logo\\\/image\\\/\"},\"sameAs\":[\"https:\\\/\\\/www.facebook.com\\\/contantigenerators\",\"https:\\\/\\\/www.instagram.com\\\/contantigenerators\\\/\"]}]}<\/script>\n<!-- \/ Yoast SEO plugin. -->","yoast_head_json":{"title":"Ups \u2013 Voltage Regulator - Contanti Generators","robots":{"index":"index","follow":"follow","max-snippet":"max-snippet:-1","max-image-preview":"max-image-preview:large","max-video-preview":"max-video-preview:-1"},"canonical":"https:\/\/contanti.org\/en\/generators\/ups-voltage-regulator\/","og_locale":"en_GB","og_type":"article","og_title":"Ups \u2013 Voltage Regulator - Contanti Generators","og_description":"UPS &amp; Rregullator\u00ebt e Tensionit Siguri dhe Stabilitet p\u00ebr Energjin\u00eb Tuaj Ne ofrojm\u00eb UPS dhe rregullator\u00eb t\u00eb tensionit t\u00eb avancuar, t\u00eb dizajnuar p\u00ebr t\u00eb mbrojtur pajisjet tuaja dhe p\u00ebr t\u00eb garantuar furnizim t\u00eb q\u00ebndruesh\u00ebm energjie. Zgjidhjet tona sigurojn\u00eb stabilitet t\u00eb tensionit, parandalojn\u00eb d\u00ebmtimin e pajisjeve dhe mbajn\u00eb operacionet tuaja kritike pa nd\u00ebrprerje.","og_url":"https:\/\/contanti.org\/en\/generators\/ups-voltage-regulator\/","og_site_name":"Contanti Generators","article_publisher":"https:\/\/www.facebook.com\/contantigenerators","article_modified_time":"2026-01-31T01:08:47+00:00","twitter_card":"summary_large_image","schema":{"@context":"https:\/\/schema.org","@graph":[{"@type":"WebPage","@id":"https:\/\/contanti.org\/generators\/ups-voltage-regulator\/","url":"https:\/\/contanti.org\/generators\/ups-voltage-regulator\/","name":"Ups \u2013 Voltage Regulator - Contanti Generators","isPartOf":{"@id":"https:\/\/contanti.org\/#website"},"datePublished":"2026-01-27T01:49:16+00:00","dateModified":"2026-01-31T01:08:47+00:00","breadcrumb":{"@id":"https:\/\/contanti.org\/generators\/ups-voltage-regulator\/#breadcrumb"},"inLanguage":"en-GB","potentialAction":[{"@type":"ReadAction","target":["https:\/\/contanti.org\/generators\/ups-voltage-regulator\/"]}]},{"@type":"BreadcrumbList","@id":"https:\/\/contanti.org\/generators\/ups-voltage-regulator\/#breadcrumb","itemListElement":[{"@type":"ListItem","position":1,"name":"Home","item":"https:\/\/contanti.org\/"},{"@type":"ListItem","position":2,"name":"Generators","item":"https:\/\/contanti.org\/generators\/"},{"@type":"ListItem","position":3,"name":"Ups \u2013 Voltage Regulator"}]},{"@type":"WebSite","@id":"https:\/\/contanti.org\/#website","url":"https:\/\/contanti.org\/","name":"Contanti Generators SHPK","description":"Gjenerator\u00eb Industrial\u00eb &amp; Zgjidhje Energjetike","publisher":{"@id":"https:\/\/contanti.org\/#organization"},"potentialAction":[{"@type":"SearchAction","target":{"@type":"EntryPoint","urlTemplate":"https:\/\/contanti.org\/?s={search_term_string}"},"query-input":{"@type":"PropertyValueSpecification","valueRequired":true,"valueName":"search_term_string"}}],"inLanguage":"en-GB"},{"@type":"Organization","@id":"https:\/\/contanti.org\/#organization","name":"Contanti Generators SHPK","url":"https:\/\/contanti.org\/","logo":{"@type":"ImageObject","inLanguage":"en-GB","@id":"https:\/\/contanti.org\/#\/schema\/logo\/image\/","url":"https:\/\/contanti.org\/wp-content\/uploads\/2026\/02\/logo-png-01-1024x382-1-300x112-1.png","contentUrl":"https:\/\/contanti.org\/wp-content\/uploads\/2026\/02\/logo-png-01-1024x382-1-300x112-1.png","width":300,"height":112,"caption":"Contanti Generators SHPK"},"image":{"@id":"https:\/\/contanti.org\/#\/schema\/logo\/image\/"},"sameAs":["https:\/\/www.facebook.com\/contantigenerators","https:\/\/www.instagram.com\/contantigenerators\/"]}]}},"_links":{"self":[{"href":"https:\/\/contanti.org\/en\/wp-json\/wp\/v2\/pages\/2028","targetHints":{"allow":["GET"]}}],"collection":[{"href":"https:\/\/contanti.org\/en\/wp-json\/wp\/v2\/pages"}],"about":[{"href":"https:\/\/contanti.org\/en\/wp-json\/wp\/v2\/types\/page"}],"author":[{"embeddable":true,"href":"https:\/\/contanti.org\/en\/wp-json\/wp\/v2\/users\/1"}],"replies":[{"embeddable":true,"href":"https:\/\/contanti.org\/en\/wp-json\/wp\/v2\/comments?post=2028"}],"version-history":[{"count":5,"href":"https:\/\/contanti.org\/en\/wp-json\/wp\/v2\/pages\/2028\/revisions"}],"predecessor-version":[{"id":2503,"href":"https:\/\/contanti.org\/en\/wp-json\/wp\/v2\/pages\/2028\/revisions\/2503"}],"up":[{"embeddable":true,"href":"https:\/\/contanti.org\/en\/wp-json\/wp\/v2\/pages\/2018"}],"wp:attachment":[{"href":"https:\/\/contanti.org\/en\/wp-json\/wp\/v2\/media?parent=2028"}],"curies":[{"name":"wp","href":"https:\/\/api.w.org\/{rel}","templated":true}]}}