{"id":2014,"date":"2026-01-27T01:46:26","date_gmt":"2026-01-27T01:46:26","guid":{"rendered":"https:\/\/contanti.flutra.website\/?page_id=2014"},"modified":"2026-01-31T22:35:14","modified_gmt":"2026-01-31T22:35:14","slug":"autorizimet-nga-prodhuesit","status":"publish","type":"page","link":"https:\/\/contanti.org\/en\/autorizimet-nga-prodhuesit\/","title":{"rendered":"Authorizations from Manufacturers"},"content":{"rendered":"<div data-elementor-type=\"wp-page\" data-elementor-id=\"2014\" class=\"elementor elementor-2014\" data-elementor-post-type=\"page\">\n\t\t\t\t<div class=\"elementor-element elementor-element-6763168 e-flex e-con-boxed e-con e-parent\" data-id=\"6763168\" data-element_type=\"container\" data-e-type=\"container\" data-settings=\"{&quot;background_background&quot;:&quot;classic&quot;}\">\n\t\t\t\t\t<div class=\"e-con-inner\">\n\t\t<div class=\"elementor-element elementor-element-3cdb22f e-con-full e-flex e-con e-child\" data-id=\"3cdb22f\" data-element_type=\"container\" data-e-type=\"container\">\n\t\t\t\t<div class=\"elementor-element elementor-element-f35cb2c elementor-invisible elementor-widget elementor-widget-heading\" data-id=\"f35cb2c\" data-element_type=\"widget\" data-e-type=\"widget\" data-settings=\"{&quot;_animation&quot;:&quot;fadeInLeft&quot;}\" data-widget_type=\"heading.default\">\n\t\t\t\t\t<h1 class=\"elementor-heading-title elementor-size-default\">Authorizations from Manufacturers<\/h1>\t\t\t\t<\/div>\n\t\t\t\t<\/div>\n\t\t\t\t\t<\/div>\n\t\t\t\t<\/div>\n\t\t<div class=\"elementor-element elementor-element-790271d e-flex e-con-boxed e-con e-parent\" data-id=\"790271d\" data-element_type=\"container\" data-e-type=\"container\">\n\t\t\t\t\t<div class=\"e-con-inner\">\n\t\t<div class=\"elementor-element elementor-element-3a65d23 e-con-full e-flex e-con e-child\" data-id=\"3a65d23\" data-element_type=\"container\" data-e-type=\"container\">\n\t\t\t\t<div class=\"elementor-element elementor-element-6342d5c elementor-invisible elementor-widget elementor-widget-heading\" data-id=\"6342d5c\" data-element_type=\"widget\" data-e-type=\"widget\" data-settings=\"{&quot;_animation&quot;:&quot;fadeInRight&quot;}\" data-widget_type=\"heading.default\">\n\t\t\t\t\t<h2 class=\"elementor-heading-title elementor-size-default\">Official authorizations from Manufacturers<\/h2>\t\t\t\t<\/div>\n\t\t\t\t<div class=\"elementor-element elementor-element-3d44da6 elementor-invisible elementor-widget elementor-widget-heading\" data-id=\"3d44da6\" data-element_type=\"widget\" data-e-type=\"widget\" data-settings=\"{&quot;_animation&quot;:&quot;fadeInUp&quot;}\" data-widget_type=\"heading.default\">\n\t\t\t\t\t<h3 class=\"elementor-heading-title elementor-size-default\">Partnership and Reliability for the Products We Represent<\/h3>\t\t\t\t<\/div>\n\t\t\t\t<div class=\"elementor-element elementor-element-2a986ea elementor-widget__width-initial elementor-widget elementor-widget-text-editor\" data-id=\"2a986ea\" data-element_type=\"widget\" data-e-type=\"widget\" data-widget_type=\"text-editor.default\">\n\t\t\t\t\t\t\t\t\t<p>Contanti Generators SHPK is an authorized partner of many internationally recognized brands in the field of generators and energy solutions. Official authorizations from manufacturers prove that we meet the highest standards of technical quality, safety and service. This gives our customers the assurance that every product and service offered by us is authentic, certified and supported by the original manufacturer.<\/p>\t\t\t\t\t\t\t\t<\/div>\n\t\t\t\t<\/div>\n\t\t<div class=\"elementor-element elementor-element-394d0d8 e-con-full e-flex e-con e-child\" data-id=\"394d0d8\" data-element_type=\"container\" data-e-type=\"container\">\n\t\t\t\t<div class=\"elementor-element elementor-element-535ce7c elementor-widget elementor-widget-gallery\" data-id=\"535ce7c\" data-element_type=\"widget\" data-e-type=\"widget\" data-settings=\"{&quot;columns&quot;:3,&quot;columns_tablet&quot;:1,&quot;lazyload&quot;:&quot;yes&quot;,&quot;gallery_layout&quot;:&quot;grid&quot;,&quot;columns_mobile&quot;:1,&quot;gap&quot;:{&quot;unit&quot;:&quot;px&quot;,&quot;size&quot;:10,&quot;sizes&quot;:[]},&quot;gap_tablet&quot;:{&quot;unit&quot;:&quot;px&quot;,&quot;size&quot;:10,&quot;sizes&quot;:[]},&quot;gap_mobile&quot;:{&quot;unit&quot;:&quot;px&quot;,&quot;size&quot;:10,&quot;sizes&quot;:[]},&quot;link_to&quot;:&quot;file&quot;,&quot;aspect_ratio&quot;:&quot;3:2&quot;,&quot;overlay_background&quot;:&quot;yes&quot;,&quot;content_hover_animation&quot;:&quot;fade-in&quot;}\" data-widget_type=\"gallery.default\">\n\t\t\t\t\t\t\t<div class=\"elementor-gallery__container\">\n\t\t\t\t\t\t\t<a class=\"e-gallery-item elementor-gallery-item elementor-animated-content\" href=\"https:\/\/contanti.org\/wp-content\/uploads\/2026\/01\/aksa-1.png\" data-elementor-open-lightbox=\"yes\" data-elementor-lightbox-slideshow=\"535ce7c\" data-e-action-hash=\"#elementor-action%3Aaction%3Dlightbox%26settings%3DeyJpZCI6MjYwOCwidXJsIjoiaHR0cHM6XC9cL2NvbnRhbnRpLm9yZ1wvd3AtY29udGVudFwvdXBsb2Fkc1wvMjAyNlwvMDFcL2Frc2EtMS5wbmciLCJzbGlkZXNob3ciOiI1MzVjZTdjIn0%3D\">\n\t\t\t\t\t<div class=\"e-gallery-image elementor-gallery-item__image\" data-thumbnail=\"https:\/\/contanti.org\/wp-content\/uploads\/2026\/01\/aksa-1-768x567.png\" data-width=\"768\" data-height=\"567\" aria-label=\"\" role=\"img\" ><\/div>\n\t\t\t\t\t\t\t\t\t\t\t<div class=\"elementor-gallery-item__overlay\"><\/div>\n\t\t\t\t\t\t\t\t\t\t\t\t\t\t<\/a>\n\t\t\t\t\t<\/div>\n\t\t\t\t\t<\/div>\n\t\t\t\t<\/div>\n\t\t\t\t\t<\/div>\n\t\t\t\t<\/div>\n\t\t<div class=\"elementor-element elementor-element-d54759b e-flex e-con-boxed e-con e-parent\" data-id=\"d54759b\" data-element_type=\"container\" data-e-type=\"container\" data-settings=\"{&quot;background_background&quot;:&quot;classic&quot;}\">\n\t\t\t\t\t<div class=\"e-con-inner\">\n\t\t<div class=\"elementor-element elementor-element-35f6f69 e-con-full e-flex e-con e-child\" data-id=\"35f6f69\" data-element_type=\"container\" data-e-type=\"container\">\n\t\t\t\t<div class=\"elementor-element elementor-element-87e7355 elementor-invisible elementor-widget elementor-widget-heading\" data-id=\"87e7355\" data-element_type=\"widget\" data-e-type=\"widget\" data-settings=\"{&quot;_animation&quot;:&quot;fadeInUp&quot;}\" data-widget_type=\"heading.default\">\n\t\t\t\t\t<h2 class=\"elementor-heading-title elementor-size-default\">Uninterrupted Power for Maximum Productivity<\/h2>\t\t\t\t<\/div>\n\t\t\t\t<div class=\"elementor-element elementor-element-dcb65ee elementor-widget-tablet__width-initial elementor-invisible elementor-widget elementor-widget-text-editor\" data-id=\"dcb65ee\" data-element_type=\"widget\" data-e-type=\"widget\" data-settings=\"{&quot;_animation&quot;:&quot;fadeInUp&quot;}\" data-widget_type=\"text-editor.default\">\n\t\t\t\t\t\t\t\t\t<p>Our generators provide a stable power supply, helping industry operate without interruption and achieve optimal performance.\u00a0<\/p>\t\t\t\t\t\t\t\t<\/div>\n\t\t\t\t<div class=\"elementor-element elementor-element-b3b725b elementor-invisible elementor-widget elementor-widget-button\" data-id=\"b3b725b\" data-element_type=\"widget\" data-e-type=\"widget\" data-settings=\"{&quot;_animation&quot;:&quot;fadeIn&quot;,&quot;_animation_delay&quot;:480}\" data-widget_type=\"button.default\">\n\t\t\t\t\t\t\t\t\t\t<a class=\"elementor-button elementor-button-link elementor-size-sm\" href=\"https:\/\/contanti.org\/en\/kontakti\/\">\n\t\t\t\t\t\t<span class=\"elementor-button-content-wrapper\">\n\t\t\t\t\t\t\t\t\t<span class=\"elementor-button-text\">Contact Us<\/span>\n\t\t\t\t\t<\/span>\n\t\t\t\t\t<\/a>\n\t\t\t\t\t\t\t\t<\/div>\n\t\t\t\t<\/div>\n\t\t\t\t\t<\/div>\n\t\t\t\t<\/div>\n\t\t\t\t<\/div>","protected":false},"excerpt":{"rendered":"<p>Autorizimet zyrtare nga Prodhuesit Partneritet dhe Besueshm\u00ebri p\u00ebr Produktet q\u00eb Ne P\u00ebrfaq\u00ebsojm\u00eb Contanti Generators SHPK \u00ebsht\u00eb partner i autorizuar i shum\u00eb markave t\u00eb njohura nd\u00ebrkomb\u00ebtarisht n\u00eb fush\u00ebn e gjenerator\u00ebve dhe zgjidhjeve energjetike. Autorizimet zyrtare nga prodhuesit d\u00ebshmojn\u00eb se ne p\u00ebrmbushim standardet m\u00eb t\u00eb larta t\u00eb cil\u00ebsis\u00eb teknike, t\u00eb siguris\u00eb dhe t\u00eb sh\u00ebrbimit. Kjo i jep [&hellip;]<\/p>\n","protected":false},"author":1,"featured_media":0,"parent":0,"menu_order":0,"comment_status":"closed","ping_status":"closed","template":"","meta":{"_acf_changed":false,"_eb_attr":"","footnotes":""},"class_list":["post-2014","page","type-page","status-publish","hentry"],"acf":[],"yoast_head":"<!-- This site is optimized with the Yoast SEO plugin v27.5 - https:\/\/yoast.com\/product\/yoast-seo-wordpress\/ -->\n<title>Autorizimet nga Prodhuesit - Contanti Generators<\/title>\n<meta name=\"robots\" content=\"index, follow, max-snippet:-1, max-image-preview:large, max-video-preview:-1\" \/>\n<link rel=\"canonical\" href=\"https:\/\/contanti.org\/en\/autorizimet-nga-prodhuesit\/\" \/>\n<meta property=\"og:locale\" content=\"en_GB\" \/>\n<meta property=\"og:type\" content=\"article\" \/>\n<meta property=\"og:title\" content=\"Autorizimet nga Prodhuesit - Contanti Generators\" \/>\n<meta property=\"og:description\" content=\"Autorizimet zyrtare nga Prodhuesit Partneritet dhe Besueshm\u00ebri p\u00ebr Produktet q\u00eb Ne P\u00ebrfaq\u00ebsojm\u00eb Contanti Generators SHPK \u00ebsht\u00eb partner i autorizuar i shum\u00eb markave t\u00eb njohura nd\u00ebrkomb\u00ebtarisht n\u00eb fush\u00ebn e gjenerator\u00ebve dhe zgjidhjeve energjetike. Autorizimet zyrtare nga prodhuesit d\u00ebshmojn\u00eb se ne p\u00ebrmbushim standardet m\u00eb t\u00eb larta t\u00eb cil\u00ebsis\u00eb teknike, t\u00eb siguris\u00eb dhe t\u00eb sh\u00ebrbimit. Kjo i jep [&hellip;]\" \/>\n<meta property=\"og:url\" content=\"https:\/\/contanti.org\/en\/autorizimet-nga-prodhuesit\/\" \/>\n<meta property=\"og:site_name\" content=\"Contanti Generators\" \/>\n<meta property=\"article:publisher\" content=\"https:\/\/www.facebook.com\/contantigenerators\" \/>\n<meta property=\"article:modified_time\" content=\"2026-01-31T22:35:14+00:00\" \/>\n<meta name=\"twitter:card\" content=\"summary_large_image\" \/>\n<meta name=\"twitter:label1\" content=\"Estimated reading time\" \/>\n\t<meta name=\"twitter:data1\" content=\"1 minute\" \/>\n<script type=\"application\/ld+json\" class=\"yoast-schema-graph\">{\"@context\":\"https:\\\/\\\/schema.org\",\"@graph\":[{\"@type\":\"WebPage\",\"@id\":\"https:\\\/\\\/contanti.org\\\/autorizimet-nga-prodhuesit\\\/\",\"url\":\"https:\\\/\\\/contanti.org\\\/autorizimet-nga-prodhuesit\\\/\",\"name\":\"Autorizimet nga Prodhuesit - Contanti Generators\",\"isPartOf\":{\"@id\":\"https:\\\/\\\/contanti.org\\\/#website\"},\"datePublished\":\"2026-01-27T01:46:26+00:00\",\"dateModified\":\"2026-01-31T22:35:14+00:00\",\"breadcrumb\":{\"@id\":\"https:\\\/\\\/contanti.org\\\/autorizimet-nga-prodhuesit\\\/#breadcrumb\"},\"inLanguage\":\"en-GB\",\"potentialAction\":[{\"@type\":\"ReadAction\",\"target\":[\"https:\\\/\\\/contanti.org\\\/autorizimet-nga-prodhuesit\\\/\"]}]},{\"@type\":\"BreadcrumbList\",\"@id\":\"https:\\\/\\\/contanti.org\\\/autorizimet-nga-prodhuesit\\\/#breadcrumb\",\"itemListElement\":[{\"@type\":\"ListItem\",\"position\":1,\"name\":\"Home\",\"item\":\"https:\\\/\\\/contanti.org\\\/\"},{\"@type\":\"ListItem\",\"position\":2,\"name\":\"Autorizimet nga Prodhuesit\"}]},{\"@type\":\"WebSite\",\"@id\":\"https:\\\/\\\/contanti.org\\\/#website\",\"url\":\"https:\\\/\\\/contanti.org\\\/\",\"name\":\"Contanti Generators SHPK\",\"description\":\"Gjenerator\u00eb Industrial\u00eb &amp; Zgjidhje Energjetike\",\"publisher\":{\"@id\":\"https:\\\/\\\/contanti.org\\\/#organization\"},\"potentialAction\":[{\"@type\":\"SearchAction\",\"target\":{\"@type\":\"EntryPoint\",\"urlTemplate\":\"https:\\\/\\\/contanti.org\\\/?s={search_term_string}\"},\"query-input\":{\"@type\":\"PropertyValueSpecification\",\"valueRequired\":true,\"valueName\":\"search_term_string\"}}],\"inLanguage\":\"en-GB\"},{\"@type\":\"Organization\",\"@id\":\"https:\\\/\\\/contanti.org\\\/#organization\",\"name\":\"Contanti Generators SHPK\",\"url\":\"https:\\\/\\\/contanti.org\\\/\",\"logo\":{\"@type\":\"ImageObject\",\"inLanguage\":\"en-GB\",\"@id\":\"https:\\\/\\\/contanti.org\\\/#\\\/schema\\\/logo\\\/image\\\/\",\"url\":\"https:\\\/\\\/contanti.org\\\/wp-content\\\/uploads\\\/2026\\\/02\\\/logo-png-01-1024x382-1-300x112-1.png\",\"contentUrl\":\"https:\\\/\\\/contanti.org\\\/wp-content\\\/uploads\\\/2026\\\/02\\\/logo-png-01-1024x382-1-300x112-1.png\",\"width\":300,\"height\":112,\"caption\":\"Contanti Generators SHPK\"},\"image\":{\"@id\":\"https:\\\/\\\/contanti.org\\\/#\\\/schema\\\/logo\\\/image\\\/\"},\"sameAs\":[\"https:\\\/\\\/www.facebook.com\\\/contantigenerators\",\"https:\\\/\\\/www.instagram.com\\\/contantigenerators\\\/\"]}]}<\/script>\n<!-- \/ Yoast SEO plugin. -->","yoast_head_json":{"title":"Autorizimet nga Prodhuesit - Contanti Generators","robots":{"index":"index","follow":"follow","max-snippet":"max-snippet:-1","max-image-preview":"max-image-preview:large","max-video-preview":"max-video-preview:-1"},"canonical":"https:\/\/contanti.org\/en\/autorizimet-nga-prodhuesit\/","og_locale":"en_GB","og_type":"article","og_title":"Autorizimet nga Prodhuesit - Contanti Generators","og_description":"Autorizimet zyrtare nga Prodhuesit Partneritet dhe Besueshm\u00ebri p\u00ebr Produktet q\u00eb Ne P\u00ebrfaq\u00ebsojm\u00eb Contanti Generators SHPK \u00ebsht\u00eb partner i autorizuar i shum\u00eb markave t\u00eb njohura nd\u00ebrkomb\u00ebtarisht n\u00eb fush\u00ebn e gjenerator\u00ebve dhe zgjidhjeve energjetike. Autorizimet zyrtare nga prodhuesit d\u00ebshmojn\u00eb se ne p\u00ebrmbushim standardet m\u00eb t\u00eb larta t\u00eb cil\u00ebsis\u00eb teknike, t\u00eb siguris\u00eb dhe t\u00eb sh\u00ebrbimit. Kjo i jep [&hellip;]","og_url":"https:\/\/contanti.org\/en\/autorizimet-nga-prodhuesit\/","og_site_name":"Contanti Generators","article_publisher":"https:\/\/www.facebook.com\/contantigenerators","article_modified_time":"2026-01-31T22:35:14+00:00","twitter_card":"summary_large_image","twitter_misc":{"Estimated reading time":"1 minute"},"schema":{"@context":"https:\/\/schema.org","@graph":[{"@type":"WebPage","@id":"https:\/\/contanti.org\/autorizimet-nga-prodhuesit\/","url":"https:\/\/contanti.org\/autorizimet-nga-prodhuesit\/","name":"Autorizimet nga Prodhuesit - Contanti Generators","isPartOf":{"@id":"https:\/\/contanti.org\/#website"},"datePublished":"2026-01-27T01:46:26+00:00","dateModified":"2026-01-31T22:35:14+00:00","breadcrumb":{"@id":"https:\/\/contanti.org\/autorizimet-nga-prodhuesit\/#breadcrumb"},"inLanguage":"en-GB","potentialAction":[{"@type":"ReadAction","target":["https:\/\/contanti.org\/autorizimet-nga-prodhuesit\/"]}]},{"@type":"BreadcrumbList","@id":"https:\/\/contanti.org\/autorizimet-nga-prodhuesit\/#breadcrumb","itemListElement":[{"@type":"ListItem","position":1,"name":"Home","item":"https:\/\/contanti.org\/"},{"@type":"ListItem","position":2,"name":"Autorizimet nga Prodhuesit"}]},{"@type":"WebSite","@id":"https:\/\/contanti.org\/#website","url":"https:\/\/contanti.org\/","name":"Contanti Generators SHPK","description":"Gjenerator\u00eb Industrial\u00eb &amp; Zgjidhje Energjetike","publisher":{"@id":"https:\/\/contanti.org\/#organization"},"potentialAction":[{"@type":"SearchAction","target":{"@type":"EntryPoint","urlTemplate":"https:\/\/contanti.org\/?s={search_term_string}"},"query-input":{"@type":"PropertyValueSpecification","valueRequired":true,"valueName":"search_term_string"}}],"inLanguage":"en-GB"},{"@type":"Organization","@id":"https:\/\/contanti.org\/#organization","name":"Contanti Generators SHPK","url":"https:\/\/contanti.org\/","logo":{"@type":"ImageObject","inLanguage":"en-GB","@id":"https:\/\/contanti.org\/#\/schema\/logo\/image\/","url":"https:\/\/contanti.org\/wp-content\/uploads\/2026\/02\/logo-png-01-1024x382-1-300x112-1.png","contentUrl":"https:\/\/contanti.org\/wp-content\/uploads\/2026\/02\/logo-png-01-1024x382-1-300x112-1.png","width":300,"height":112,"caption":"Contanti Generators SHPK"},"image":{"@id":"https:\/\/contanti.org\/#\/schema\/logo\/image\/"},"sameAs":["https:\/\/www.facebook.com\/contantigenerators","https:\/\/www.instagram.com\/contantigenerators\/"]}]}},"_links":{"self":[{"href":"https:\/\/contanti.org\/en\/wp-json\/wp\/v2\/pages\/2014","targetHints":{"allow":["GET"]}}],"collection":[{"href":"https:\/\/contanti.org\/en\/wp-json\/wp\/v2\/pages"}],"about":[{"href":"https:\/\/contanti.org\/en\/wp-json\/wp\/v2\/types\/page"}],"author":[{"embeddable":true,"href":"https:\/\/contanti.org\/en\/wp-json\/wp\/v2\/users\/1"}],"replies":[{"embeddable":true,"href":"https:\/\/contanti.org\/en\/wp-json\/wp\/v2\/comments?post=2014"}],"version-history":[{"count":5,"href":"https:\/\/contanti.org\/en\/wp-json\/wp\/v2\/pages\/2014\/revisions"}],"predecessor-version":[{"id":2617,"href":"https:\/\/contanti.org\/en\/wp-json\/wp\/v2\/pages\/2014\/revisions\/2617"}],"wp:attachment":[{"href":"https:\/\/contanti.org\/en\/wp-json\/wp\/v2\/media?parent=2014"}],"curies":[{"name":"wp","href":"https:\/\/api.w.org\/{rel}","templated":true}]}}