{"id":2010,"date":"2026-01-27T01:45:56","date_gmt":"2026-01-27T01:45:56","guid":{"rendered":"https:\/\/contanti.flutra.website\/?page_id=2010"},"modified":"2026-01-31T22:27:59","modified_gmt":"2026-01-31T22:27:59","slug":"perfaqesues-te-autorizuar","status":"publish","type":"page","link":"https:\/\/contanti.org\/en\/perfaqesues-te-autorizuar\/","title":{"rendered":"Authorized Resellers"},"content":{"rendered":"<div data-elementor-type=\"wp-page\" data-elementor-id=\"2010\" class=\"elementor elementor-2010\" data-elementor-post-type=\"page\">\n\t\t\t\t<div class=\"elementor-element elementor-element-404c39c e-flex e-con-boxed e-con e-parent\" data-id=\"404c39c\" data-element_type=\"container\" data-e-type=\"container\" data-settings=\"{&quot;background_background&quot;:&quot;classic&quot;}\">\n\t\t\t\t\t<div class=\"e-con-inner\">\n\t\t<div class=\"elementor-element elementor-element-af6ebdc e-con-full e-flex e-con e-child\" data-id=\"af6ebdc\" data-element_type=\"container\" data-e-type=\"container\">\n\t\t\t\t<div class=\"elementor-element elementor-element-10534a3 elementor-invisible elementor-widget elementor-widget-heading\" data-id=\"10534a3\" data-element_type=\"widget\" data-e-type=\"widget\" data-settings=\"{&quot;_animation&quot;:&quot;fadeInLeft&quot;}\" data-widget_type=\"heading.default\">\n\t\t\t\t\t<h1 class=\"elementor-heading-title elementor-size-default\">Authorized Resellers<\/h1>\t\t\t\t<\/div>\n\t\t\t\t<\/div>\n\t\t\t\t\t<\/div>\n\t\t\t\t<\/div>\n\t\t<div class=\"elementor-element elementor-element-3261031 e-flex e-con-boxed e-con e-parent\" data-id=\"3261031\" data-element_type=\"container\" data-e-type=\"container\">\n\t\t\t\t\t<div class=\"e-con-inner\">\n\t\t<div class=\"elementor-element elementor-element-5d1e77b e-con-full e-flex e-con e-child\" data-id=\"5d1e77b\" data-element_type=\"container\" data-e-type=\"container\">\n\t\t\t\t<div class=\"elementor-element elementor-element-e9c2c48 elementor-invisible elementor-widget elementor-widget-heading\" data-id=\"e9c2c48\" data-element_type=\"widget\" data-e-type=\"widget\" data-settings=\"{&quot;_animation&quot;:&quot;fadeInRight&quot;}\" data-widget_type=\"heading.default\">\n\t\t\t\t\t<h2 class=\"elementor-heading-title elementor-size-default\">Our Authorized Resellers<\/h2>\t\t\t\t<\/div>\n\t\t\t\t<div class=\"elementor-element elementor-element-3da8f0a elementor-invisible elementor-widget elementor-widget-heading\" data-id=\"3da8f0a\" data-element_type=\"widget\" data-e-type=\"widget\" data-settings=\"{&quot;_animation&quot;:&quot;fadeInUp&quot;}\" data-widget_type=\"heading.default\">\n\t\t\t\t\t<h3 class=\"elementor-heading-title elementor-size-default\">Local Solutions and Support in the Region<\/h3>\t\t\t\t<\/div>\n\t\t\t\t<div class=\"elementor-element elementor-element-449c0a2 elementor-widget__width-initial elementor-widget elementor-widget-text-editor\" data-id=\"449c0a2\" data-element_type=\"widget\" data-e-type=\"widget\" data-widget_type=\"text-editor.default\">\n\t\t\t\t\t\t\t\t\t<p>Contanti Generators SHPK collaborates with authorized representatives throughout the region to provide support, advice and professional services near you. Our trusted partners in Albania, North Macedonia and Montenegro are our main stations for service, consultation and energy solutions \u2014 guaranteeing professionalism, quality and clear communication at every step of the cooperation.\u00a0<\/p>\t\t\t\t\t\t\t\t<\/div>\n\t\t\t\t<\/div>\n\t\t<div class=\"elementor-element elementor-element-8ec6231 e-con-full e-flex e-con e-child\" data-id=\"8ec6231\" data-element_type=\"container\" data-e-type=\"container\">\n\t\t<div class=\"elementor-element elementor-element-68d68dc e-grid e-con-full e-con e-child\" data-id=\"68d68dc\" data-element_type=\"container\" data-e-type=\"container\">\n\t\t<div class=\"elementor-element elementor-element-1d7627a e-con-full e-flex elementor-invisible e-con e-child\" data-id=\"1d7627a\" data-element_type=\"container\" data-e-type=\"container\" data-settings=\"{&quot;background_background&quot;:&quot;gradient&quot;,&quot;animation&quot;:&quot;fadeInUp&quot;}\">\n\t\t\t\t<div class=\"elementor-element elementor-element-25c4a73 elementor-widget elementor-widget-image\" data-id=\"25c4a73\" data-element_type=\"widget\" data-e-type=\"widget\" data-widget_type=\"image.default\">\n\t\t\t\t\t\t\t\t\t\t\t\t\t\t\t<img fetchpriority=\"high\" decoding=\"async\" width=\"800\" height=\"800\" src=\"https:\/\/contanti.org\/wp-content\/uploads\/2026\/01\/pngwing.com_.png\" class=\"attachment-large size-large wp-image-2551\" alt=\"\" srcset=\"https:\/\/contanti.org\/wp-content\/uploads\/2026\/01\/pngwing.com_.png 1000w, https:\/\/contanti.org\/wp-content\/uploads\/2026\/01\/pngwing.com_-300x300.png 300w, https:\/\/contanti.org\/wp-content\/uploads\/2026\/01\/pngwing.com_-150x150.png 150w, https:\/\/contanti.org\/wp-content\/uploads\/2026\/01\/pngwing.com_-768x768.png 768w\" sizes=\"(max-width: 800px) 100vw, 800px\" \/>\t\t\t\t\t\t\t\t\t\t\t\t\t\t\t<\/div>\n\t\t\t\t<div class=\"elementor-element elementor-element-fa37678 elementor-widget elementor-widget-elementskit-heading\" data-id=\"fa37678\" data-element_type=\"widget\" data-e-type=\"widget\" data-widget_type=\"elementskit-heading.default\">\n\t\t\t\t\t<div class=\"ekit-wid-con\" ><div class=\"ekit-heading elementskit-section-title-wraper text_center   ekit_heading_tablet-   ekit_heading_mobile-\"><h4 class=\"ekit-heading--title elementskit-section-title\">Contanti Albania<\/h4>\t\t\t\t<div class='ekit-heading__description'>\n\t\t\t\t\t<p>Authorized representative offering technical support, product offerings, and professional service for all energy needs.\u00a0<\/p>\n\t\t\t\t<\/div>\n\t\t\t<\/div><\/div>\t\t\t\t<\/div>\n\t\t\t\t<\/div>\n\t\t<div class=\"elementor-element elementor-element-6e10dcc e-con-full e-flex elementor-invisible e-con e-child\" data-id=\"6e10dcc\" data-element_type=\"container\" data-e-type=\"container\" data-settings=\"{&quot;background_background&quot;:&quot;gradient&quot;,&quot;animation&quot;:&quot;fadeInUp&quot;}\">\n\t\t\t\t<div class=\"elementor-element elementor-element-8347e83 elementor-widget elementor-widget-image\" data-id=\"8347e83\" data-element_type=\"widget\" data-e-type=\"widget\" data-widget_type=\"image.default\">\n\t\t\t\t\t\t\t\t\t\t\t\t\t\t\t<img decoding=\"async\" width=\"512\" height=\"512\" src=\"https:\/\/contanti.org\/wp-content\/uploads\/2026\/01\/pngwing.com-1.png\" class=\"attachment-large size-large wp-image-2552\" alt=\"\" srcset=\"https:\/\/contanti.org\/wp-content\/uploads\/2026\/01\/pngwing.com-1.png 512w, https:\/\/contanti.org\/wp-content\/uploads\/2026\/01\/pngwing.com-1-300x300.png 300w, https:\/\/contanti.org\/wp-content\/uploads\/2026\/01\/pngwing.com-1-150x150.png 150w\" sizes=\"(max-width: 512px) 100vw, 512px\" \/>\t\t\t\t\t\t\t\t\t\t\t\t\t\t\t<\/div>\n\t\t\t\t<div class=\"elementor-element elementor-element-4719520 elementor-widget elementor-widget-elementskit-heading\" data-id=\"4719520\" data-element_type=\"widget\" data-e-type=\"widget\" data-widget_type=\"elementskit-heading.default\">\n\t\t\t\t\t<div class=\"ekit-wid-con\" ><div class=\"ekit-heading elementskit-section-title-wraper text_center   ekit_heading_tablet-   ekit_heading_mobile-\"><h4 class=\"ekit-heading--title elementskit-section-title\">Contanti Montenegro<\/h4>\t\t\t\t<div class='ekit-heading__description'>\n\t\t\t\t\t<p>Our authorized points in Montenegro provide fast support, spare parts and technical assistance to customers in the country.<\/p>\n\t\t\t\t<\/div>\n\t\t\t<\/div><\/div>\t\t\t\t<\/div>\n\t\t\t\t<\/div>\n\t\t<div class=\"elementor-element elementor-element-60bbdaf e-con-full e-flex elementor-invisible e-con e-child\" data-id=\"60bbdaf\" data-element_type=\"container\" data-e-type=\"container\" data-settings=\"{&quot;background_background&quot;:&quot;gradient&quot;,&quot;animation&quot;:&quot;fadeInUp&quot;}\">\n\t\t\t\t<div class=\"elementor-element elementor-element-63c8ba5 elementor-widget elementor-widget-image\" data-id=\"63c8ba5\" data-element_type=\"widget\" data-e-type=\"widget\" data-widget_type=\"image.default\">\n\t\t\t\t\t\t\t\t\t\t\t\t\t\t\t<img decoding=\"async\" width=\"660\" height=\"660\" src=\"https:\/\/contanti.org\/wp-content\/uploads\/2026\/01\/pngwing.com-2.png\" class=\"attachment-large size-large wp-image-2553\" alt=\"\" srcset=\"https:\/\/contanti.org\/wp-content\/uploads\/2026\/01\/pngwing.com-2.png 660w, https:\/\/contanti.org\/wp-content\/uploads\/2026\/01\/pngwing.com-2-300x300.png 300w, https:\/\/contanti.org\/wp-content\/uploads\/2026\/01\/pngwing.com-2-150x150.png 150w\" sizes=\"(max-width: 660px) 100vw, 660px\" \/>\t\t\t\t\t\t\t\t\t\t\t\t\t\t\t<\/div>\n\t\t\t\t<div class=\"elementor-element elementor-element-ec552d4 elementor-widget elementor-widget-elementskit-heading\" data-id=\"ec552d4\" data-element_type=\"widget\" data-e-type=\"widget\" data-widget_type=\"elementskit-heading.default\">\n\t\t\t\t\t<div class=\"ekit-wid-con\" ><div class=\"ekit-heading elementskit-section-title-wraper text_center   ekit_heading_tablet-   ekit_heading_mobile-\"><h4 class=\"ekit-heading--title elementskit-section-title\">Contanti North Macedonia<\/h4>\t\t\t\t<div class='ekit-heading__description'>\n\t\t\t\t\t<p>Local partner that provides consulting, services and professional installation of generators and energy equipment, according to the highest standards.<\/p>\n\t\t\t\t<\/div>\n\t\t\t<\/div><\/div>\t\t\t\t<\/div>\n\t\t\t\t<\/div>\n\t\t\t\t<\/div>\n\t\t\t\t<\/div>\n\t\t\t\t\t<\/div>\n\t\t\t\t<\/div>\n\t\t<div class=\"elementor-element elementor-element-4f8a790 e-flex e-con-boxed e-con e-parent\" data-id=\"4f8a790\" data-element_type=\"container\" data-e-type=\"container\" data-settings=\"{&quot;background_background&quot;:&quot;classic&quot;}\">\n\t\t\t\t\t<div class=\"e-con-inner\">\n\t\t<div class=\"elementor-element elementor-element-c682851 e-con-full e-flex e-con e-child\" data-id=\"c682851\" data-element_type=\"container\" data-e-type=\"container\">\n\t\t\t\t<div class=\"elementor-element elementor-element-e3ba622 elementor-invisible elementor-widget elementor-widget-heading\" data-id=\"e3ba622\" data-element_type=\"widget\" data-e-type=\"widget\" data-settings=\"{&quot;_animation&quot;:&quot;fadeInUp&quot;}\" data-widget_type=\"heading.default\">\n\t\t\t\t\t<h2 class=\"elementor-heading-title elementor-size-default\">Uninterrupted Power for Maximum Productivity<\/h2>\t\t\t\t<\/div>\n\t\t\t\t<div class=\"elementor-element elementor-element-f9f6af7 elementor-widget-tablet__width-initial elementor-invisible elementor-widget elementor-widget-text-editor\" data-id=\"f9f6af7\" data-element_type=\"widget\" data-e-type=\"widget\" data-settings=\"{&quot;_animation&quot;:&quot;fadeInUp&quot;}\" data-widget_type=\"text-editor.default\">\n\t\t\t\t\t\t\t\t\t<p>Our generators provide a stable power supply, helping industry operate without interruption and achieve optimal performance.\u00a0<\/p>\t\t\t\t\t\t\t\t<\/div>\n\t\t\t\t<div class=\"elementor-element elementor-element-9f111b0 elementor-invisible elementor-widget elementor-widget-button\" data-id=\"9f111b0\" data-element_type=\"widget\" data-e-type=\"widget\" data-settings=\"{&quot;_animation&quot;:&quot;fadeIn&quot;,&quot;_animation_delay&quot;:480}\" data-widget_type=\"button.default\">\n\t\t\t\t\t\t\t\t\t\t<a class=\"elementor-button elementor-button-link elementor-size-sm\" href=\"https:\/\/contanti.org\/en\/kontakti\/\">\n\t\t\t\t\t\t<span class=\"elementor-button-content-wrapper\">\n\t\t\t\t\t\t\t\t\t<span class=\"elementor-button-text\">Contact Us<\/span>\n\t\t\t\t\t<\/span>\n\t\t\t\t\t<\/a>\n\t\t\t\t\t\t\t\t<\/div>\n\t\t\t\t<\/div>\n\t\t\t\t\t<\/div>\n\t\t\t\t<\/div>\n\t\t\t\t<\/div>","protected":false},"excerpt":{"rendered":"<p>P\u00ebrfaq\u00ebsuesit Tan\u00eb t\u00eb Autorizuar Zgjidhje dhe Mb\u00ebshtetje Lokale n\u00eb Rajon Contanti Generators SHPK bashk\u00ebpunon me p\u00ebrfaq\u00ebsues t\u00eb autorizuar n\u00eb t\u00eb gjith\u00eb rajonin p\u00ebr t\u00eb ofruar mb\u00ebshtetje, k\u00ebshillim dhe sh\u00ebrbime profesionale af\u00ebr jush. Partner\u00ebt tan\u00eb t\u00eb besuar n\u00eb Shqip\u00ebri, Maqedonin\u00eb e Veriut dhe Malin e Zi jan\u00eb stacionet kryesore tona p\u00ebr sh\u00ebrbim, konsultim dhe zgjidhje energjie [&hellip;]<\/p>\n","protected":false},"author":1,"featured_media":0,"parent":0,"menu_order":0,"comment_status":"closed","ping_status":"closed","template":"","meta":{"_acf_changed":false,"_eb_attr":"","footnotes":""},"class_list":["post-2010","page","type-page","status-publish","hentry"],"acf":[],"yoast_head":"<!-- This site is optimized with the Yoast SEO plugin v27.5 - https:\/\/yoast.com\/product\/yoast-seo-wordpress\/ -->\n<title>P\u00ebrfaq\u00ebsues t\u00eb Autorizuar - Contanti Generators<\/title>\n<meta name=\"robots\" content=\"index, follow, max-snippet:-1, max-image-preview:large, max-video-preview:-1\" \/>\n<link rel=\"canonical\" href=\"https:\/\/contanti.org\/en\/perfaqesues-te-autorizuar\/\" \/>\n<meta property=\"og:locale\" content=\"en_GB\" \/>\n<meta property=\"og:type\" content=\"article\" \/>\n<meta property=\"og:title\" content=\"P\u00ebrfaq\u00ebsues t\u00eb Autorizuar - Contanti Generators\" \/>\n<meta property=\"og:description\" content=\"P\u00ebrfaq\u00ebsuesit Tan\u00eb t\u00eb Autorizuar Zgjidhje dhe Mb\u00ebshtetje Lokale n\u00eb Rajon Contanti Generators SHPK bashk\u00ebpunon me p\u00ebrfaq\u00ebsues t\u00eb autorizuar n\u00eb t\u00eb gjith\u00eb rajonin p\u00ebr t\u00eb ofruar mb\u00ebshtetje, k\u00ebshillim dhe sh\u00ebrbime profesionale af\u00ebr jush. Partner\u00ebt tan\u00eb t\u00eb besuar n\u00eb Shqip\u00ebri, Maqedonin\u00eb e Veriut dhe Malin e Zi jan\u00eb stacionet kryesore tona p\u00ebr sh\u00ebrbim, konsultim dhe zgjidhje energjie [&hellip;]\" \/>\n<meta property=\"og:url\" content=\"https:\/\/contanti.org\/en\/perfaqesues-te-autorizuar\/\" \/>\n<meta property=\"og:site_name\" content=\"Contanti Generators\" \/>\n<meta property=\"article:publisher\" content=\"https:\/\/www.facebook.com\/contantigenerators\" \/>\n<meta property=\"article:modified_time\" content=\"2026-01-31T22:27:59+00:00\" \/>\n<meta property=\"og:image\" content=\"https:\/\/contanti.org\/wp-content\/uploads\/2026\/01\/pngwing.com_.png\" \/>\n\t<meta property=\"og:image:width\" content=\"1000\" \/>\n\t<meta property=\"og:image:height\" content=\"1000\" \/>\n\t<meta property=\"og:image:type\" content=\"image\/png\" \/>\n<meta name=\"twitter:card\" content=\"summary_large_image\" \/>\n<meta name=\"twitter:label1\" content=\"Estimated reading time\" \/>\n\t<meta name=\"twitter:data1\" content=\"1 minute\" \/>\n<script type=\"application\/ld+json\" class=\"yoast-schema-graph\">{\"@context\":\"https:\\\/\\\/schema.org\",\"@graph\":[{\"@type\":\"WebPage\",\"@id\":\"https:\\\/\\\/contanti.org\\\/perfaqesues-te-autorizuar\\\/\",\"url\":\"https:\\\/\\\/contanti.org\\\/perfaqesues-te-autorizuar\\\/\",\"name\":\"P\u00ebrfaq\u00ebsues t\u00eb Autorizuar - Contanti Generators\",\"isPartOf\":{\"@id\":\"https:\\\/\\\/contanti.org\\\/#website\"},\"primaryImageOfPage\":{\"@id\":\"https:\\\/\\\/contanti.org\\\/perfaqesues-te-autorizuar\\\/#primaryimage\"},\"image\":{\"@id\":\"https:\\\/\\\/contanti.org\\\/perfaqesues-te-autorizuar\\\/#primaryimage\"},\"thumbnailUrl\":\"https:\\\/\\\/contanti.org\\\/wp-content\\\/uploads\\\/2026\\\/01\\\/pngwing.com_.png\",\"datePublished\":\"2026-01-27T01:45:56+00:00\",\"dateModified\":\"2026-01-31T22:27:59+00:00\",\"breadcrumb\":{\"@id\":\"https:\\\/\\\/contanti.org\\\/perfaqesues-te-autorizuar\\\/#breadcrumb\"},\"inLanguage\":\"en-GB\",\"potentialAction\":[{\"@type\":\"ReadAction\",\"target\":[\"https:\\\/\\\/contanti.org\\\/perfaqesues-te-autorizuar\\\/\"]}]},{\"@type\":\"ImageObject\",\"inLanguage\":\"en-GB\",\"@id\":\"https:\\\/\\\/contanti.org\\\/perfaqesues-te-autorizuar\\\/#primaryimage\",\"url\":\"https:\\\/\\\/contanti.org\\\/wp-content\\\/uploads\\\/2026\\\/01\\\/pngwing.com_.png\",\"contentUrl\":\"https:\\\/\\\/contanti.org\\\/wp-content\\\/uploads\\\/2026\\\/01\\\/pngwing.com_.png\"},{\"@type\":\"BreadcrumbList\",\"@id\":\"https:\\\/\\\/contanti.org\\\/perfaqesues-te-autorizuar\\\/#breadcrumb\",\"itemListElement\":[{\"@type\":\"ListItem\",\"position\":1,\"name\":\"Home\",\"item\":\"https:\\\/\\\/contanti.org\\\/\"},{\"@type\":\"ListItem\",\"position\":2,\"name\":\"P\u00ebrfaq\u00ebsues t\u00eb Autorizuar\"}]},{\"@type\":\"WebSite\",\"@id\":\"https:\\\/\\\/contanti.org\\\/#website\",\"url\":\"https:\\\/\\\/contanti.org\\\/\",\"name\":\"Contanti Generators SHPK\",\"description\":\"Gjenerator\u00eb Industrial\u00eb &amp; Zgjidhje Energjetike\",\"publisher\":{\"@id\":\"https:\\\/\\\/contanti.org\\\/#organization\"},\"potentialAction\":[{\"@type\":\"SearchAction\",\"target\":{\"@type\":\"EntryPoint\",\"urlTemplate\":\"https:\\\/\\\/contanti.org\\\/?s={search_term_string}\"},\"query-input\":{\"@type\":\"PropertyValueSpecification\",\"valueRequired\":true,\"valueName\":\"search_term_string\"}}],\"inLanguage\":\"en-GB\"},{\"@type\":\"Organization\",\"@id\":\"https:\\\/\\\/contanti.org\\\/#organization\",\"name\":\"Contanti Generators SHPK\",\"url\":\"https:\\\/\\\/contanti.org\\\/\",\"logo\":{\"@type\":\"ImageObject\",\"inLanguage\":\"en-GB\",\"@id\":\"https:\\\/\\\/contanti.org\\\/#\\\/schema\\\/logo\\\/image\\\/\",\"url\":\"https:\\\/\\\/contanti.org\\\/wp-content\\\/uploads\\\/2026\\\/02\\\/logo-png-01-1024x382-1-300x112-1.png\",\"contentUrl\":\"https:\\\/\\\/contanti.org\\\/wp-content\\\/uploads\\\/2026\\\/02\\\/logo-png-01-1024x382-1-300x112-1.png\",\"width\":300,\"height\":112,\"caption\":\"Contanti Generators SHPK\"},\"image\":{\"@id\":\"https:\\\/\\\/contanti.org\\\/#\\\/schema\\\/logo\\\/image\\\/\"},\"sameAs\":[\"https:\\\/\\\/www.facebook.com\\\/contantigenerators\",\"https:\\\/\\\/www.instagram.com\\\/contantigenerators\\\/\"]}]}<\/script>\n<!-- \/ Yoast SEO plugin. -->","yoast_head_json":{"title":"P\u00ebrfaq\u00ebsues t\u00eb Autorizuar - Contanti Generators","robots":{"index":"index","follow":"follow","max-snippet":"max-snippet:-1","max-image-preview":"max-image-preview:large","max-video-preview":"max-video-preview:-1"},"canonical":"https:\/\/contanti.org\/en\/perfaqesues-te-autorizuar\/","og_locale":"en_GB","og_type":"article","og_title":"P\u00ebrfaq\u00ebsues t\u00eb Autorizuar - Contanti Generators","og_description":"P\u00ebrfaq\u00ebsuesit Tan\u00eb t\u00eb Autorizuar Zgjidhje dhe Mb\u00ebshtetje Lokale n\u00eb Rajon Contanti Generators SHPK bashk\u00ebpunon me p\u00ebrfaq\u00ebsues t\u00eb autorizuar n\u00eb t\u00eb gjith\u00eb rajonin p\u00ebr t\u00eb ofruar mb\u00ebshtetje, k\u00ebshillim dhe sh\u00ebrbime profesionale af\u00ebr jush. Partner\u00ebt tan\u00eb t\u00eb besuar n\u00eb Shqip\u00ebri, Maqedonin\u00eb e Veriut dhe Malin e Zi jan\u00eb stacionet kryesore tona p\u00ebr sh\u00ebrbim, konsultim dhe zgjidhje energjie [&hellip;]","og_url":"https:\/\/contanti.org\/en\/perfaqesues-te-autorizuar\/","og_site_name":"Contanti Generators","article_publisher":"https:\/\/www.facebook.com\/contantigenerators","article_modified_time":"2026-01-31T22:27:59+00:00","og_image":[{"width":1000,"height":1000,"url":"https:\/\/contanti.org\/wp-content\/uploads\/2026\/01\/pngwing.com_.png","type":"image\/png"}],"twitter_card":"summary_large_image","twitter_misc":{"Estimated reading time":"1 minute"},"schema":{"@context":"https:\/\/schema.org","@graph":[{"@type":"WebPage","@id":"https:\/\/contanti.org\/perfaqesues-te-autorizuar\/","url":"https:\/\/contanti.org\/perfaqesues-te-autorizuar\/","name":"P\u00ebrfaq\u00ebsues t\u00eb Autorizuar - Contanti Generators","isPartOf":{"@id":"https:\/\/contanti.org\/#website"},"primaryImageOfPage":{"@id":"https:\/\/contanti.org\/perfaqesues-te-autorizuar\/#primaryimage"},"image":{"@id":"https:\/\/contanti.org\/perfaqesues-te-autorizuar\/#primaryimage"},"thumbnailUrl":"https:\/\/contanti.org\/wp-content\/uploads\/2026\/01\/pngwing.com_.png","datePublished":"2026-01-27T01:45:56+00:00","dateModified":"2026-01-31T22:27:59+00:00","breadcrumb":{"@id":"https:\/\/contanti.org\/perfaqesues-te-autorizuar\/#breadcrumb"},"inLanguage":"en-GB","potentialAction":[{"@type":"ReadAction","target":["https:\/\/contanti.org\/perfaqesues-te-autorizuar\/"]}]},{"@type":"ImageObject","inLanguage":"en-GB","@id":"https:\/\/contanti.org\/perfaqesues-te-autorizuar\/#primaryimage","url":"https:\/\/contanti.org\/wp-content\/uploads\/2026\/01\/pngwing.com_.png","contentUrl":"https:\/\/contanti.org\/wp-content\/uploads\/2026\/01\/pngwing.com_.png"},{"@type":"BreadcrumbList","@id":"https:\/\/contanti.org\/perfaqesues-te-autorizuar\/#breadcrumb","itemListElement":[{"@type":"ListItem","position":1,"name":"Home","item":"https:\/\/contanti.org\/"},{"@type":"ListItem","position":2,"name":"P\u00ebrfaq\u00ebsues t\u00eb Autorizuar"}]},{"@type":"WebSite","@id":"https:\/\/contanti.org\/#website","url":"https:\/\/contanti.org\/","name":"Contanti Generators SHPK","description":"Gjenerator\u00eb Industrial\u00eb &amp; Zgjidhje Energjetike","publisher":{"@id":"https:\/\/contanti.org\/#organization"},"potentialAction":[{"@type":"SearchAction","target":{"@type":"EntryPoint","urlTemplate":"https:\/\/contanti.org\/?s={search_term_string}"},"query-input":{"@type":"PropertyValueSpecification","valueRequired":true,"valueName":"search_term_string"}}],"inLanguage":"en-GB"},{"@type":"Organization","@id":"https:\/\/contanti.org\/#organization","name":"Contanti Generators SHPK","url":"https:\/\/contanti.org\/","logo":{"@type":"ImageObject","inLanguage":"en-GB","@id":"https:\/\/contanti.org\/#\/schema\/logo\/image\/","url":"https:\/\/contanti.org\/wp-content\/uploads\/2026\/02\/logo-png-01-1024x382-1-300x112-1.png","contentUrl":"https:\/\/contanti.org\/wp-content\/uploads\/2026\/02\/logo-png-01-1024x382-1-300x112-1.png","width":300,"height":112,"caption":"Contanti Generators SHPK"},"image":{"@id":"https:\/\/contanti.org\/#\/schema\/logo\/image\/"},"sameAs":["https:\/\/www.facebook.com\/contantigenerators","https:\/\/www.instagram.com\/contantigenerators\/"]}]}},"_links":{"self":[{"href":"https:\/\/contanti.org\/en\/wp-json\/wp\/v2\/pages\/2010","targetHints":{"allow":["GET"]}}],"collection":[{"href":"https:\/\/contanti.org\/en\/wp-json\/wp\/v2\/pages"}],"about":[{"href":"https:\/\/contanti.org\/en\/wp-json\/wp\/v2\/types\/page"}],"author":[{"embeddable":true,"href":"https:\/\/contanti.org\/en\/wp-json\/wp\/v2\/users\/1"}],"replies":[{"embeddable":true,"href":"https:\/\/contanti.org\/en\/wp-json\/wp\/v2\/comments?post=2010"}],"version-history":[{"count":5,"href":"https:\/\/contanti.org\/en\/wp-json\/wp\/v2\/pages\/2010\/revisions"}],"predecessor-version":[{"id":2591,"href":"https:\/\/contanti.org\/en\/wp-json\/wp\/v2\/pages\/2010\/revisions\/2591"}],"wp:attachment":[{"href":"https:\/\/contanti.org\/en\/wp-json\/wp\/v2\/media?parent=2010"}],"curies":[{"name":"wp","href":"https:\/\/api.w.org\/{rel}","templated":true}]}}